{"id":1212,"date":"2021-04-07T19:35:15","date_gmt":"2021-04-07T17:35:15","guid":{"rendered":"http:\/\/localhost:8000\/mga-project\/?page_id=1212"},"modified":"2021-09-14T10:50:12","modified_gmt":"2021-09-14T08:50:12","slug":"vyskum","status":"publish","type":"page","link":"https:\/\/medixbank.com\/en\/vyskum\/","title":{"rendered":"Research"},"content":{"rendered":"\t\t<div data-elementor-type=\"wp-page\" data-elementor-id=\"1212\" class=\"elementor elementor-1212 elementor-802\">\n\t\t\t\t\t\t\t\t\t<section class=\"elementor-section elementor-top-section elementor-element elementor-element-028e471 elementor-section-boxed elementor-section-height-default elementor-section-height-default\" data-id=\"028e471\" data-element_type=\"section\">\n\t\t\t\t\t\t<div class=\"elementor-container elementor-column-gap-default\">\n\t\t\t\t\t<div class=\"elementor-column elementor-col-100 elementor-top-column elementor-element elementor-element-3ae8838\" data-id=\"3ae8838\" data-element_type=\"column\">\n\t\t\t<div class=\"elementor-widget-wrap elementor-element-populated\">\n\t\t\t\t\t\t\t\t<div class=\"elementor-element elementor-element-27b9a43 elementor-widget elementor-widget-text-editor\" data-id=\"27b9a43\" data-element_type=\"widget\" data-widget_type=\"text-editor.default\">\n\t\t\t\t<div class=\"elementor-widget-container\">\n\t\t\t\t\t\t\t<p>Biomedical research at <strong>MEDIREX<\/strong> GROUP ACADEMY (MGA) is focused primarily on the development of new diagnostic and screening methods, the search for potential diagnostic and predictive biomarkers useful in the prevention, diagnostics and potentially also in the therapy of cancer.<\/p>\n<p>Researchers at MGA also closely focus on lifestyle disease, for which early diagnosis and prevention are equally of key importance. Since 2020, the team of scientists has been actively involved in the research of the new infectious disease COVID-19. The research activities are mainly focused on the creation of a universal system for early and rapid detection of coronavirus infection.<\/p>\n<p>The aim of our scientific research is to transfer the acquired knowledge into clinical practice in order to make screening and diagnosis of diseases more efficient and also to increase the treatment effectiveness.<\/p>\n\t\t\t\t\t\t<\/div>\n\t\t\t\t<\/div>\n\t\t\t\t<section class=\"elementor-section elementor-inner-section elementor-element elementor-element-c25d34c elementor-section-boxed elementor-section-height-default elementor-section-height-default\" data-id=\"c25d34c\" data-element_type=\"section\" data-settings=\"{&quot;background_background&quot;:&quot;classic&quot;}\">\n\t\t\t\t\t\t<div class=\"elementor-container elementor-column-gap-default\">\n\t\t\t\t\t<div class=\"elementor-column elementor-col-100 elementor-inner-column elementor-element elementor-element-61c9f82\" data-id=\"61c9f82\" data-element_type=\"column\">\n\t\t\t<div class=\"elementor-widget-wrap elementor-element-populated\">\n\t\t\t\t\t\t\t\t<div class=\"elementor-element elementor-element-31d2761 elementor-widget elementor-widget-text-editor\" data-id=\"31d2761\" data-element_type=\"widget\" data-widget_type=\"text-editor.default\">\n\t\t\t\t<div class=\"elementor-widget-container\">\n\t\t\t\t\t\t\t<p><em><strong>\u201eOne of our greatest achievements has been the cooperation to validate genetic tests used nowaday to detect pathological changes on the cervix.<\/strong><\/em><em><strong>\u201c<\/strong><\/em><\/p>\n\t\t\t\t\t\t<\/div>\n\t\t\t\t<\/div>\n\t\t\t\t<div class=\"elementor-element elementor-element-605d2de elementor-position-left elementor-vertical-align-middle elementor-widget elementor-widget-image-box\" data-id=\"605d2de\" data-element_type=\"widget\" data-widget_type=\"image-box.default\">\n\t\t\t\t<div class=\"elementor-widget-container\">\n\t\t\t<div class=\"elementor-image-box-wrapper\"><figure class=\"elementor-image-box-img\"><img width=\"291\" height=\"277\" src=\"https:\/\/medixbank.com\/wp-content\/uploads\/2021\/03\/scientist_4.jpg\" class=\"attachment-medium_large size-medium_large\" alt=\"\" \/><\/figure><div class=\"elementor-image-box-content\"><p class=\"elementor-image-box-description\">MUDr. Pavol Janega<br \/>Director of MEDIREX GROUP ACADEMY n.o.<\/p><\/div><\/div>\t\t<\/div>\n\t\t\t\t<\/div>\n\t\t\t\t\t<\/div>\n\t\t<\/div>\n\t\t\t\t\t\t\t<\/div>\n\t\t<\/section>\n\t\t\t\t<div class=\"elementor-element elementor-element-80af7d3 elementor-widget elementor-widget-spacer\" data-id=\"80af7d3\" data-element_type=\"widget\" data-widget_type=\"spacer.default\">\n\t\t\t\t<div class=\"elementor-widget-container\">\n\t\t\t\t\t<div class=\"elementor-spacer\">\n\t\t\t<div class=\"elementor-spacer-inner\"><\/div>\n\t\t<\/div>\n\t\t\t\t<\/div>\n\t\t\t\t<\/div>\n\t\t\t\t<section class=\"elementor-section elementor-inner-section elementor-element elementor-element-95301b2 elementor-section-boxed elementor-section-height-default elementor-section-height-default\" data-id=\"95301b2\" data-element_type=\"section\">\n\t\t\t\t\t\t<div class=\"elementor-container elementor-column-gap-default\">\n\t\t\t\t\t<div class=\"elementor-column elementor-col-33 elementor-inner-column elementor-element elementor-element-f369dae\" data-id=\"f369dae\" data-element_type=\"column\">\n\t\t\t<div class=\"elementor-widget-wrap elementor-element-populated\">\n\t\t\t\t\t\t\t\t<div class=\"elementor-element elementor-element-179a260 w-full content-align-left elementor-widget elementor-widget-MGA Button\" data-id=\"179a260\" data-element_type=\"widget\" data-widget_type=\"MGA Button.default\">\n\t\t\t\t<div class=\"elementor-widget-container\">\n\t\t\t<a href=\"https:\/\/medixbank.com\/en\/research-agency-projects\/\" rel=\"nofollow\" class=\"button button--icon button--full button--fill button--secondary \"><span>VA projects<\/span><i class=\"icon-lg-arrow-right\"><\/i><\/a>\t\t<\/div>\n\t\t\t\t<\/div>\n\t\t\t\t\t<\/div>\n\t\t<\/div>\n\t\t\t\t<div class=\"elementor-column elementor-col-33 elementor-inner-column elementor-element elementor-element-b61608b\" data-id=\"b61608b\" data-element_type=\"column\">\n\t\t\t<div class=\"elementor-widget-wrap elementor-element-populated\">\n\t\t\t\t\t\t\t\t<div class=\"elementor-element elementor-element-57966f1 w-full content-align-left elementor-widget elementor-widget-MGA Button\" data-id=\"57966f1\" data-element_type=\"widget\" data-widget_type=\"MGA Button.default\">\n\t\t\t\t<div class=\"elementor-widget-container\">\n\t\t\t<a href=\"https:\/\/medixbank.com\/en\/apvv-projects\/\" rel=\"nofollow\" class=\"button button--icon button--full button--fill button--secondary \"><span>APVV projects<\/span><i class=\"icon-lg-arrow-right\"><\/i><\/a>\t\t<\/div>\n\t\t\t\t<\/div>\n\t\t\t\t\t<\/div>\n\t\t<\/div>\n\t\t\t\t<div class=\"elementor-column elementor-col-33 elementor-inner-column elementor-element elementor-element-48ff485\" data-id=\"48ff485\" data-element_type=\"column\">\n\t\t\t<div class=\"elementor-widget-wrap elementor-element-populated\">\n\t\t\t\t\t\t\t\t<div class=\"elementor-element elementor-element-2c55c44 w-full content-align-left elementor-widget elementor-widget-MGA Button\" data-id=\"2c55c44\" data-element_type=\"widget\" data-widget_type=\"MGA Button.default\">\n\t\t\t\t<div class=\"elementor-widget-container\">\n\t\t\t<a href=\"https:\/\/medixbank.com\/en\/in-house-research\/\" rel=\"nofollow\" class=\"button button--icon button--full button--fill button--secondary \"><span>In-house research<\/span><i class=\"icon-lg-arrow-right\"><\/i><\/a>\t\t<\/div>\n\t\t\t\t<\/div>\n\t\t\t\t\t<\/div>\n\t\t<\/div>\n\t\t\t\t\t\t\t<\/div>\n\t\t<\/section>\n\t\t\t\t\t<\/div>\n\t\t<\/div>\n\t\t\t\t\t\t\t<\/div>\n\t\t<\/section>\n\t\t\t\t<section class=\"elementor-section elementor-top-section elementor-element elementor-element-f9c6f9a elementor-section-boxed elementor-section-height-default elementor-section-height-default\" data-id=\"f9c6f9a\" data-element_type=\"section\">\n\t\t\t\t\t\t<div class=\"elementor-container elementor-column-gap-default\">\n\t\t\t\t\t\t\t\t<\/div>\n\t\t<\/section>\n\t\t\t\t<section class=\"elementor-section elementor-top-section elementor-element elementor-element-0d4854d elementor-section-boxed elementor-section-height-default elementor-section-height-default\" data-id=\"0d4854d\" data-element_type=\"section\" data-settings=\"{&quot;background_background&quot;:&quot;classic&quot;}\">\n\t\t\t\t\t\t<div class=\"elementor-container elementor-column-gap-default\">\n\t\t\t\t\t<div class=\"elementor-column elementor-col-100 elementor-top-column elementor-element elementor-element-1a54f97\" data-id=\"1a54f97\" data-element_type=\"column\">\n\t\t\t<div class=\"elementor-widget-wrap elementor-element-populated\">\n\t\t\t\t\t\t\t\t<div class=\"elementor-element elementor-element-75dbb0a gallery-spacing-custom elementor-widget elementor-widget-image-gallery\" data-id=\"75dbb0a\" data-element_type=\"widget\" data-widget_type=\"image-gallery.default\">\n\t\t\t\t<div class=\"elementor-widget-container\">\n\t\t\t\t\t<div class=\"elementor-image-gallery\">\n\t\t\t<div id='gallery-1' class='gallery galleryid-1212 gallery-columns-2 gallery-size-large'><figure class='gallery-item'>\n\t\t\t<div class='gallery-icon landscape'>\n\t\t\t\t<a data-elementor-open-lightbox=\"yes\" data-elementor-lightbox-slideshow=\"75dbb0a\" data-elementor-lightbox-title=\"Automatick\u00fd-sekven\u00e1tor-gen\u00f3mov-model-508-U0001-Life-Technologies_GEN_BA\" e-action-hash=\"#elementor-action%3Aaction%3Dlightbox%26settings%3DeyJpZCI6MTYyNCwidXJsIjoiaHR0cHM6XC9cL21lZGl4YmFuay5jb21cL3dwLWNvbnRlbnRcL3VwbG9hZHNcLzIwMjFcLzA0XC9BdXRvbWF0aWNreS1zZWt2ZW5hdG9yLWdlbm9tb3YtbW9kZWwtNTA4LVUwMDAxLUxpZmUtVGVjaG5vbG9naWVzX0dFTl9CQS5qcGciLCJzbGlkZXNob3ciOiI3NWRiYjBhIn0%3D\" href='https:\/\/medixbank.com\/wp-content\/uploads\/2021\/04\/Automaticky-sekvenator-genomov-model-508-U0001-Life-Technologies_GEN_BA.jpg'><img width=\"640\" height=\"427\" src=\"https:\/\/medixbank.com\/wp-content\/uploads\/2021\/04\/Automaticky-sekvenator-genomov-model-508-U0001-Life-Technologies_GEN_BA.jpg\" class=\"attachment-large size-large\" alt=\"\" srcset=\"https:\/\/medixbank.com\/wp-content\/uploads\/2021\/04\/Automaticky-sekvenator-genomov-model-508-U0001-Life-Technologies_GEN_BA.jpg 1024w, https:\/\/medixbank.com\/wp-content\/uploads\/2021\/04\/Automaticky-sekvenator-genomov-model-508-U0001-Life-Technologies_GEN_BA-300x200.jpg 300w, https:\/\/medixbank.com\/wp-content\/uploads\/2021\/04\/Automaticky-sekvenator-genomov-model-508-U0001-Life-Technologies_GEN_BA-768x512.jpg 768w\" sizes=\"(max-width: 640px) 100vw, 640px\" \/><\/a>\n\t\t\t<\/div><\/figure><figure class='gallery-item'>\n\t\t\t<div class='gallery-icon landscape'>\n\t\t\t\t<a data-elementor-open-lightbox=\"yes\" data-elementor-lightbox-slideshow=\"75dbb0a\" data-elementor-lightbox-title=\"_20201002-122550-PCA-Medirex_Nitra_A__9413B\" e-action-hash=\"#elementor-action%3Aaction%3Dlightbox%26settings%3DeyJpZCI6MTI4MywidXJsIjoiaHR0cHM6XC9cL21lZGl4YmFuay5jb21cL3dwLWNvbnRlbnRcL3VwbG9hZHNcLzIwMjFcLzA0XC8yMDIwMTAwMi0xMjI1NTAtUENBLU1lZGlyZXhfTml0cmFfQV9fOTQxM0Itc2NhbGVkLWUxNjE4NDA1MDIxMjU0LmpwZyIsInNsaWRlc2hvdyI6Ijc1ZGJiMGEifQ%3D%3D\" href='https:\/\/medixbank.com\/wp-content\/uploads\/2021\/04\/20201002-122550-PCA-Medirex_Nitra_A__9413B-scaled-e1618405021254.jpg'><img width=\"640\" height=\"427\" src=\"https:\/\/medixbank.com\/wp-content\/uploads\/2021\/04\/20201002-122550-PCA-Medirex_Nitra_A__9413B-1024x683.jpg\" class=\"attachment-large size-large\" alt=\"\" srcset=\"https:\/\/medixbank.com\/wp-content\/uploads\/2021\/04\/20201002-122550-PCA-Medirex_Nitra_A__9413B-1024x683.jpg 1024w, https:\/\/medixbank.com\/wp-content\/uploads\/2021\/04\/20201002-122550-PCA-Medirex_Nitra_A__9413B-300x200.jpg 300w, https:\/\/medixbank.com\/wp-content\/uploads\/2021\/04\/20201002-122550-PCA-Medirex_Nitra_A__9413B-768x512.jpg 768w, https:\/\/medixbank.com\/wp-content\/uploads\/2021\/04\/20201002-122550-PCA-Medirex_Nitra_A__9413B-1536x1024.jpg 1536w, https:\/\/medixbank.com\/wp-content\/uploads\/2021\/04\/20201002-122550-PCA-Medirex_Nitra_A__9413B-2048x1365.jpg 2048w\" sizes=\"(max-width: 640px) 100vw, 640px\" \/><\/a>\n\t\t\t<\/div><\/figure><figure class='gallery-item'>\n\t\t\t<div class='gallery-icon landscape'>\n\t\t\t\t<a data-elementor-open-lightbox=\"yes\" data-elementor-lightbox-slideshow=\"75dbb0a\" data-elementor-lightbox-title=\"_20201002-114225-PCA-Medirex_Nitra_A__9133A-2\" e-action-hash=\"#elementor-action%3Aaction%3Dlightbox%26settings%3DeyJpZCI6MTMwOCwidXJsIjoiaHR0cHM6XC9cL21lZGl4YmFuay5jb21cL3dwLWNvbnRlbnRcL3VwbG9hZHNcLzIwMjFcLzA0XC8yMDIwMTAwMi0xMTQyMjUtUENBLU1lZGlyZXhfTml0cmFfQV9fOTEzM0EtMi5qcGciLCJzbGlkZXNob3ciOiI3NWRiYjBhIn0%3D\" href='https:\/\/medixbank.com\/wp-content\/uploads\/2021\/04\/20201002-114225-PCA-Medirex_Nitra_A__9133A-2.jpg'><img width=\"640\" height=\"426\" src=\"https:\/\/medixbank.com\/wp-content\/uploads\/2021\/04\/20201002-114225-PCA-Medirex_Nitra_A__9133A-2.jpg\" class=\"attachment-large size-large\" alt=\"\" srcset=\"https:\/\/medixbank.com\/wp-content\/uploads\/2021\/04\/20201002-114225-PCA-Medirex_Nitra_A__9133A-2.jpg 1000w, https:\/\/medixbank.com\/wp-content\/uploads\/2021\/04\/20201002-114225-PCA-Medirex_Nitra_A__9133A-2-300x200.jpg 300w, https:\/\/medixbank.com\/wp-content\/uploads\/2021\/04\/20201002-114225-PCA-Medirex_Nitra_A__9133A-2-768x511.jpg 768w\" sizes=\"(max-width: 640px) 100vw, 640px\" \/><\/a>\n\t\t\t<\/div><\/figure><figure class='gallery-item'>\n\t\t\t<div class='gallery-icon landscape'>\n\t\t\t\t<a data-elementor-open-lightbox=\"yes\" data-elementor-lightbox-slideshow=\"75dbb0a\" data-elementor-lightbox-title=\"_MG_1054_gen\" e-action-hash=\"#elementor-action%3Aaction%3Dlightbox%26settings%3DeyJpZCI6MTY1MSwidXJsIjoiaHR0cHM6XC9cL21lZGl4YmFuay5jb21cL3dwLWNvbnRlbnRcL3VwbG9hZHNcLzIwMjFcLzA0XC9NR18xMDU0X2dlbi5qcGciLCJzbGlkZXNob3ciOiI3NWRiYjBhIn0%3D\" href='https:\/\/medixbank.com\/wp-content\/uploads\/2021\/04\/MG_1054_gen.jpg'><img width=\"640\" height=\"427\" src=\"https:\/\/medixbank.com\/wp-content\/uploads\/2021\/04\/MG_1054_gen.jpg\" class=\"attachment-large size-large\" alt=\"\" srcset=\"https:\/\/medixbank.com\/wp-content\/uploads\/2021\/04\/MG_1054_gen.jpg 1000w, https:\/\/medixbank.com\/wp-content\/uploads\/2021\/04\/MG_1054_gen-300x200.jpg 300w, https:\/\/medixbank.com\/wp-content\/uploads\/2021\/04\/MG_1054_gen-768x512.jpg 768w\" sizes=\"(max-width: 640px) 100vw, 640px\" \/><\/a>\n\t\t\t<\/div><\/figure>\n\t\t<\/div>\n\t\t<\/div>\n\t\t\t\t<\/div>\n\t\t\t\t<\/div>\n\t\t\t\t\t<\/div>\n\t\t<\/div>\n\t\t\t\t\t\t\t<\/div>\n\t\t<\/section>\n\t\t\t\t\t\t\t<\/div>\n\t\t","protected":false},"excerpt":{"rendered":"<p>Biomedical research at MEDIREX GROUP ACADEMY (MGA) is focused primarily on the development of new diagnostic and screening methods, the search for potential diagnostic and predictive biomarkers useful in the prevention, diagnostics and potentially also in the therapy of cancer. Researchers at MGA also closely focus on lifestyle disease, for which early diagnosis and prevention [&hellip;]<\/p>\n","protected":false},"author":1,"featured_media":0,"parent":0,"menu_order":0,"comment_status":"closed","ping_status":"closed","template":"","meta":[],"acf":[],"_links":{"self":[{"href":"https:\/\/medixbank.com\/en\/wp-json\/wp\/v2\/pages\/1212"}],"collection":[{"href":"https:\/\/medixbank.com\/en\/wp-json\/wp\/v2\/pages"}],"about":[{"href":"https:\/\/medixbank.com\/en\/wp-json\/wp\/v2\/types\/page"}],"author":[{"embeddable":true,"href":"https:\/\/medixbank.com\/en\/wp-json\/wp\/v2\/users\/1"}],"replies":[{"embeddable":true,"href":"https:\/\/medixbank.com\/en\/wp-json\/wp\/v2\/comments?post=1212"}],"version-history":[{"count":0,"href":"https:\/\/medixbank.com\/en\/wp-json\/wp\/v2\/pages\/1212\/revisions"}],"wp:attachment":[{"href":"https:\/\/medixbank.com\/en\/wp-json\/wp\/v2\/media?parent=1212"}],"curies":[{"name":"wp","href":"https:\/\/api.w.org\/{rel}","templated":true}]}}