{"id":3197,"date":"2021-04-20T13:10:22","date_gmt":"2021-04-20T11:10:22","guid":{"rendered":"https:\/\/mga.local\/geneticke-laboratoria\/"},"modified":"2021-08-26T10:45:17","modified_gmt":"2021-08-26T08:45:17","slug":"genetic-laboratories","status":"publish","type":"page","link":"https:\/\/medixbank.com\/en\/genetic-laboratories\/","title":{"rendered":"Genetic laboratories"},"content":{"rendered":"\t\t<div data-elementor-type=\"wp-page\" data-elementor-id=\"3197\" class=\"elementor elementor-3197 elementor-1431\">\n\t\t\t\t\t\t\t\t\t<section class=\"elementor-section elementor-top-section elementor-element elementor-element-9cae010 elementor-section-boxed elementor-section-height-default elementor-section-height-default\" data-id=\"9cae010\" data-element_type=\"section\">\n\t\t\t\t\t\t<div class=\"elementor-container elementor-column-gap-default\">\n\t\t\t\t\t<div class=\"elementor-column elementor-col-100 elementor-top-column elementor-element elementor-element-aba437b\" data-id=\"aba437b\" data-element_type=\"column\">\n\t\t\t<div class=\"elementor-widget-wrap elementor-element-populated\">\n\t\t\t\t\t\t\t\t<div class=\"elementor-element elementor-element-b4ef919 elementor-widget elementor-widget-heading\" data-id=\"b4ef919\" data-element_type=\"widget\" data-widget_type=\"heading.default\">\n\t\t\t\t<div class=\"elementor-widget-container\">\n\t\t\t<h4 class=\"elementor-heading-title elementor-size-default\">Genetic laboratories<\/h4>\t\t<\/div>\n\t\t\t\t<\/div>\n\t\t\t\t<section class=\"elementor-section elementor-inner-section elementor-element elementor-element-ce83bae elementor-section-full_width elementor-section-height-default elementor-section-height-default\" data-id=\"ce83bae\" data-element_type=\"section\">\n\t\t\t\t\t\t<div class=\"elementor-container elementor-column-gap-default\">\n\t\t\t\t\t<div class=\"elementor-column elementor-col-50 elementor-inner-column elementor-element elementor-element-91825dc\" data-id=\"91825dc\" data-element_type=\"column\">\n\t\t\t<div class=\"elementor-widget-wrap elementor-element-populated\">\n\t\t\t\t\t\t\t\t<div class=\"elementor-element elementor-element-28e5ff8 elementor-widget elementor-widget-text-editor\" data-id=\"28e5ff8\" data-element_type=\"widget\" data-widget_type=\"text-editor.default\">\n\t\t\t\t<div class=\"elementor-widget-container\">\n\t\t\t\t\t\t\t<p>MGA genetic laboratories are designed to perform complex genetic and genomic analyses. The respective laboratory facilities located in Bratislava, Nitra and Ko\u0161ice, enable performing analyses of various scopes and degrees. In order to ensure ideal efficiency and operability of the use of key equipment, the laboratories enable implementation of individual analyses with different levels of complexity and difficulty. With this characterization in mind, the labs with the most basic design are located in Bratislava, more complex laboratories are operated in Ko\u0161ice and the most comprehensive laboratories are in Nitra.<\/p><p>\u00a0<\/p><p>The laboratories in Bratislava primarily provide the collection and basic processing of biological samples into a form enabling determination of qualitative and quantitative characteristics followed by long-term archiving in the biobank. The labs therefore operate facilities such as aseptic box, pipettes, thermoblocks, shakers, centrifuges, low and high power automatic nucleic acid extraction systems, nucleic acid quantification equipment.<\/p><p>\u00a0<\/p><p>The more complex laboratories in Ko\u0161ice not only operate the infrastructure for basic processing of biological samples enabling biobanking, but also devices for basic and intermediate genetic analyses such as targeted detection and analysis of genomic type variants at qualitative and quantitative levels or conventional (Sanger method) sequencing of nucleic acids. These laboratories in particular operate facilities such as aseptic box, pipettes, thermoblocks, shakers, centrifuges, automatic cell extractor, high-performance automatic nucleic acid extraction system, nucleic acid quantification device, nucleic acid and protein qualification and quantification device using capillary electrophoresis, PCR cycler, qPCR cycler with the possibility of HRM analysis, capillary genetic analyzer for fragment analyses and conventional sequencing.<\/p>\t\t\t\t\t\t<\/div>\n\t\t\t\t<\/div>\n\t\t\t\t<div class=\"elementor-element elementor-element-c64a366 elementor-widget elementor-widget-mga_read_more\" data-id=\"c64a366\" data-element_type=\"widget\" data-widget_type=\"mga_read_more.default\">\n\t\t\t\t<div class=\"elementor-widget-container\">\n\t\t\t<div class=\"mga-collapsable-content\"><div class=\"mga__more-link\"><p>View all text<\/p><\/div><div class=\"mga__more-content\"><p>The Nitra facility operates the most comprehensive laboratories where basic, intermediate and advanced analyzes are centralized. The lab therefore carries out comprehensive laboratory activities ranging from the collection and processing of samples, including biobanking, to genomic analyses. To this end, the laboratories in Nitra operate devices such as aseptic boxes, pipettes, thermoblocks, shakers, centrifuges, refrigerators, freezers and deep-freezing boxes for biobanking of samples, high-performance automatic nucleic acid extraction system, high-performance nucleic acid quantification equipment, equipment for qualification and quantification of nucleic acids and proteins by capillary electrophoresis, devices for computer - controlled size fractionation of nucleic acids using gel electrophoresis, PCR cyclers, system for comparative genomic hybridization analyzes, medium-power genomic sequencer.<\/p><\/div><div class=\"mga__less-link\"><p>Hide text<\/p><\/div><\/div>\t\t<\/div>\n\t\t\t\t<\/div>\n\t\t\t\t\t<\/div>\n\t\t<\/div>\n\t\t\t\t<div class=\"elementor-column elementor-col-50 elementor-inner-column elementor-element elementor-element-c701685\" data-id=\"c701685\" data-element_type=\"column\">\n\t\t\t<div class=\"elementor-widget-wrap elementor-element-populated\">\n\t\t\t\t\t\t\t\t<div class=\"elementor-element elementor-element-518e7ac gallery-spacing-custom elementor-widget elementor-widget-image-gallery\" data-id=\"518e7ac\" data-element_type=\"widget\" data-widget_type=\"image-gallery.default\">\n\t\t\t\t<div class=\"elementor-widget-container\">\n\t\t\t\t\t<div class=\"elementor-image-gallery\">\n\t\t\t<div id='gallery-1' class='gallery galleryid-3197 gallery-columns-2 gallery-size-medium_large'><figure class='gallery-item'>\n\t\t\t<div class='gallery-icon landscape'>\n\t\t\t\t<a data-elementor-open-lightbox=\"yes\" data-elementor-lightbox-slideshow=\"518e7ac\" data-elementor-lightbox-title=\"Automatick\u00fd-sekven\u00e1tor-gen\u00f3mov-model-508-U0001-Life-Technologies_GEN_BA\" e-action-hash=\"#elementor-action%3Aaction%3Dlightbox%26settings%3DeyJpZCI6MTYyNCwidXJsIjoiaHR0cHM6XC9cL21lZGl4YmFuay5jb21cL3dwLWNvbnRlbnRcL3VwbG9hZHNcLzIwMjFcLzA0XC9BdXRvbWF0aWNreS1zZWt2ZW5hdG9yLWdlbm9tb3YtbW9kZWwtNTA4LVUwMDAxLUxpZmUtVGVjaG5vbG9naWVzX0dFTl9CQS5qcGciLCJzbGlkZXNob3ciOiI1MThlN2FjIn0%3D\" href='https:\/\/medixbank.com\/wp-content\/uploads\/2021\/04\/Automaticky-sekvenator-genomov-model-508-U0001-Life-Technologies_GEN_BA.jpg'><img width=\"640\" height=\"427\" src=\"https:\/\/medixbank.com\/wp-content\/uploads\/2021\/04\/Automaticky-sekvenator-genomov-model-508-U0001-Life-Technologies_GEN_BA-768x512.jpg\" class=\"attachment-medium_large size-medium_large\" alt=\"\" srcset=\"https:\/\/medixbank.com\/wp-content\/uploads\/2021\/04\/Automaticky-sekvenator-genomov-model-508-U0001-Life-Technologies_GEN_BA-768x512.jpg 768w, https:\/\/medixbank.com\/wp-content\/uploads\/2021\/04\/Automaticky-sekvenator-genomov-model-508-U0001-Life-Technologies_GEN_BA-300x200.jpg 300w, https:\/\/medixbank.com\/wp-content\/uploads\/2021\/04\/Automaticky-sekvenator-genomov-model-508-U0001-Life-Technologies_GEN_BA.jpg 1024w\" sizes=\"(max-width: 640px) 100vw, 640px\" \/><\/a>\n\t\t\t<\/div><\/figure><figure class='gallery-item'>\n\t\t\t<div class='gallery-icon landscape'>\n\t\t\t\t<a data-elementor-open-lightbox=\"yes\" data-elementor-lightbox-slideshow=\"518e7ac\" data-elementor-lightbox-title=\"MagNA-Pure-LC2.0-Roche_GEN_BA\" e-action-hash=\"#elementor-action%3Aaction%3Dlightbox%26settings%3DeyJpZCI6MTYyNiwidXJsIjoiaHR0cHM6XC9cL21lZGl4YmFuay5jb21cL3dwLWNvbnRlbnRcL3VwbG9hZHNcLzIwMjFcLzA0XC9NYWdOQS1QdXJlLUxDMi4wLVJvY2hlX0dFTl9CQS5qcGciLCJzbGlkZXNob3ciOiI1MThlN2FjIn0%3D\" href='https:\/\/medixbank.com\/wp-content\/uploads\/2021\/04\/MagNA-Pure-LC2.0-Roche_GEN_BA.jpg'><img width=\"640\" height=\"427\" src=\"https:\/\/medixbank.com\/wp-content\/uploads\/2021\/04\/MagNA-Pure-LC2.0-Roche_GEN_BA-768x512.jpg\" class=\"attachment-medium_large size-medium_large\" alt=\"\" srcset=\"https:\/\/medixbank.com\/wp-content\/uploads\/2021\/04\/MagNA-Pure-LC2.0-Roche_GEN_BA-768x512.jpg 768w, https:\/\/medixbank.com\/wp-content\/uploads\/2021\/04\/MagNA-Pure-LC2.0-Roche_GEN_BA-300x200.jpg 300w, https:\/\/medixbank.com\/wp-content\/uploads\/2021\/04\/MagNA-Pure-LC2.0-Roche_GEN_BA.jpg 1024w\" sizes=\"(max-width: 640px) 100vw, 640px\" \/><\/a>\n\t\t\t<\/div><\/figure><figure class='gallery-item'>\n\t\t\t<div class='gallery-icon landscape'>\n\t\t\t\t<a data-elementor-open-lightbox=\"yes\" data-elementor-lightbox-slideshow=\"518e7ac\" data-elementor-lightbox-title=\"_20201002-111323-PCA-Medirex_Nitra_A__9042A\" e-action-hash=\"#elementor-action%3Aaction%3Dlightbox%26settings%3DeyJpZCI6MTQzNCwidXJsIjoiaHR0cHM6XC9cL21lZGl4YmFuay5jb21cL3dwLWNvbnRlbnRcL3VwbG9hZHNcLzIwMjFcLzA0XC8yMDIwMTAwMi0xMTEzMjMtUENBLU1lZGlyZXhfTml0cmFfQV9fOTA0MkEuanBnIiwic2xpZGVzaG93IjoiNTE4ZTdhYyJ9\" href='https:\/\/medixbank.com\/wp-content\/uploads\/2021\/04\/20201002-111323-PCA-Medirex_Nitra_A__9042A.jpg'><img width=\"640\" height=\"427\" src=\"https:\/\/medixbank.com\/wp-content\/uploads\/2021\/04\/20201002-111323-PCA-Medirex_Nitra_A__9042A-768x512.jpg\" class=\"attachment-medium_large size-medium_large\" alt=\"\" srcset=\"https:\/\/medixbank.com\/wp-content\/uploads\/2021\/04\/20201002-111323-PCA-Medirex_Nitra_A__9042A-768x512.jpg 768w, https:\/\/medixbank.com\/wp-content\/uploads\/2021\/04\/20201002-111323-PCA-Medirex_Nitra_A__9042A-300x200.jpg 300w, https:\/\/medixbank.com\/wp-content\/uploads\/2021\/04\/20201002-111323-PCA-Medirex_Nitra_A__9042A.jpg 1000w\" sizes=\"(max-width: 640px) 100vw, 640px\" \/><\/a>\n\t\t\t<\/div><\/figure><figure class='gallery-item'>\n\t\t\t<div class='gallery-icon landscape'>\n\t\t\t\t<a data-elementor-open-lightbox=\"yes\" data-elementor-lightbox-slideshow=\"518e7ac\" data-elementor-lightbox-title=\"_20201002-111532-PCA-Medirex_Nitra_A__9061A\" e-action-hash=\"#elementor-action%3Aaction%3Dlightbox%26settings%3DeyJpZCI6MTQzOCwidXJsIjoiaHR0cHM6XC9cL21lZGl4YmFuay5jb21cL3dwLWNvbnRlbnRcL3VwbG9hZHNcLzIwMjFcLzA0XC8yMDIwMTAwMi0xMTE1MzItUENBLU1lZGlyZXhfTml0cmFfQV9fOTA2MUEuanBnIiwic2xpZGVzaG93IjoiNTE4ZTdhYyJ9\" href='https:\/\/medixbank.com\/wp-content\/uploads\/2021\/04\/20201002-111532-PCA-Medirex_Nitra_A__9061A.jpg'><img width=\"640\" height=\"427\" src=\"https:\/\/medixbank.com\/wp-content\/uploads\/2021\/04\/20201002-111532-PCA-Medirex_Nitra_A__9061A-768x512.jpg\" class=\"attachment-medium_large size-medium_large\" alt=\"\" srcset=\"https:\/\/medixbank.com\/wp-content\/uploads\/2021\/04\/20201002-111532-PCA-Medirex_Nitra_A__9061A-768x512.jpg 768w, https:\/\/medixbank.com\/wp-content\/uploads\/2021\/04\/20201002-111532-PCA-Medirex_Nitra_A__9061A-300x200.jpg 300w, https:\/\/medixbank.com\/wp-content\/uploads\/2021\/04\/20201002-111532-PCA-Medirex_Nitra_A__9061A.jpg 1000w\" sizes=\"(max-width: 640px) 100vw, 640px\" \/><\/a>\n\t\t\t<\/div><\/figure><figure class='gallery-item'>\n\t\t\t<div class='gallery-icon landscape'>\n\t\t\t\t<a data-elementor-open-lightbox=\"yes\" data-elementor-lightbox-slideshow=\"518e7ac\" data-elementor-lightbox-title=\"_20201002-112036-PCA-Medirex_Nitra_A__9095A\" e-action-hash=\"#elementor-action%3Aaction%3Dlightbox%26settings%3DeyJpZCI6MTQ0MCwidXJsIjoiaHR0cHM6XC9cL21lZGl4YmFuay5jb21cL3dwLWNvbnRlbnRcL3VwbG9hZHNcLzIwMjFcLzA0XC8yMDIwMTAwMi0xMTIwMzYtUENBLU1lZGlyZXhfTml0cmFfQV9fOTA5NUEuanBnIiwic2xpZGVzaG93IjoiNTE4ZTdhYyJ9\" href='https:\/\/medixbank.com\/wp-content\/uploads\/2021\/04\/20201002-112036-PCA-Medirex_Nitra_A__9095A.jpg'><img width=\"640\" height=\"427\" src=\"https:\/\/medixbank.com\/wp-content\/uploads\/2021\/04\/20201002-112036-PCA-Medirex_Nitra_A__9095A-768x512.jpg\" class=\"attachment-medium_large size-medium_large\" alt=\"\" srcset=\"https:\/\/medixbank.com\/wp-content\/uploads\/2021\/04\/20201002-112036-PCA-Medirex_Nitra_A__9095A-768x512.jpg 768w, https:\/\/medixbank.com\/wp-content\/uploads\/2021\/04\/20201002-112036-PCA-Medirex_Nitra_A__9095A-300x200.jpg 300w, https:\/\/medixbank.com\/wp-content\/uploads\/2021\/04\/20201002-112036-PCA-Medirex_Nitra_A__9095A.jpg 1000w\" sizes=\"(max-width: 640px) 100vw, 640px\" \/><\/a>\n\t\t\t<\/div><\/figure><figure class='gallery-item'>\n\t\t\t<div class='gallery-icon landscape'>\n\t\t\t\t<a data-elementor-open-lightbox=\"yes\" data-elementor-lightbox-slideshow=\"518e7ac\" data-elementor-lightbox-title=\"_20201002-112222-PCA-Medirex_Nitra_A__9110A\" e-action-hash=\"#elementor-action%3Aaction%3Dlightbox%26settings%3DeyJpZCI6MTQ0MiwidXJsIjoiaHR0cHM6XC9cL21lZGl4YmFuay5jb21cL3dwLWNvbnRlbnRcL3VwbG9hZHNcLzIwMjFcLzA0XC8yMDIwMTAwMi0xMTIyMjItUENBLU1lZGlyZXhfTml0cmFfQV9fOTExMEEuanBnIiwic2xpZGVzaG93IjoiNTE4ZTdhYyJ9\" href='https:\/\/medixbank.com\/wp-content\/uploads\/2021\/04\/20201002-112222-PCA-Medirex_Nitra_A__9110A.jpg'><img width=\"640\" height=\"427\" src=\"https:\/\/medixbank.com\/wp-content\/uploads\/2021\/04\/20201002-112222-PCA-Medirex_Nitra_A__9110A-768x512.jpg\" class=\"attachment-medium_large size-medium_large\" alt=\"\" srcset=\"https:\/\/medixbank.com\/wp-content\/uploads\/2021\/04\/20201002-112222-PCA-Medirex_Nitra_A__9110A-768x512.jpg 768w, https:\/\/medixbank.com\/wp-content\/uploads\/2021\/04\/20201002-112222-PCA-Medirex_Nitra_A__9110A-300x200.jpg 300w, https:\/\/medixbank.com\/wp-content\/uploads\/2021\/04\/20201002-112222-PCA-Medirex_Nitra_A__9110A.jpg 1000w\" sizes=\"(max-width: 640px) 100vw, 640px\" \/><\/a>\n\t\t\t<\/div><\/figure><figure class='gallery-item'>\n\t\t\t<div class='gallery-icon landscape'>\n\t\t\t\t<a data-elementor-open-lightbox=\"yes\" data-elementor-lightbox-slideshow=\"518e7ac\" data-elementor-lightbox-title=\"_20201002-114225-PCA-Medirex_Nitra_A__9133A\" e-action-hash=\"#elementor-action%3Aaction%3Dlightbox%26settings%3DeyJpZCI6MTQ0NCwidXJsIjoiaHR0cHM6XC9cL21lZGl4YmFuay5jb21cL3dwLWNvbnRlbnRcL3VwbG9hZHNcLzIwMjFcLzA0XC8yMDIwMTAwMi0xMTQyMjUtUENBLU1lZGlyZXhfTml0cmFfQV9fOTEzM0EuanBnIiwic2xpZGVzaG93IjoiNTE4ZTdhYyJ9\" href='https:\/\/medixbank.com\/wp-content\/uploads\/2021\/04\/20201002-114225-PCA-Medirex_Nitra_A__9133A.jpg'><img width=\"640\" height=\"427\" src=\"https:\/\/medixbank.com\/wp-content\/uploads\/2021\/04\/20201002-114225-PCA-Medirex_Nitra_A__9133A-768x512.jpg\" class=\"attachment-medium_large size-medium_large\" alt=\"\" srcset=\"https:\/\/medixbank.com\/wp-content\/uploads\/2021\/04\/20201002-114225-PCA-Medirex_Nitra_A__9133A-768x512.jpg 768w, https:\/\/medixbank.com\/wp-content\/uploads\/2021\/04\/20201002-114225-PCA-Medirex_Nitra_A__9133A-300x200.jpg 300w, https:\/\/medixbank.com\/wp-content\/uploads\/2021\/04\/20201002-114225-PCA-Medirex_Nitra_A__9133A.jpg 1000w\" sizes=\"(max-width: 640px) 100vw, 640px\" \/><\/a>\n\t\t\t<\/div><\/figure><figure class='gallery-item'>\n\t\t\t<div class='gallery-icon landscape'>\n\t\t\t\t<a data-elementor-open-lightbox=\"yes\" data-elementor-lightbox-slideshow=\"518e7ac\" data-elementor-lightbox-title=\"_20201002-114541-PCA-Medirex_Nitra_A__9171A\" e-action-hash=\"#elementor-action%3Aaction%3Dlightbox%26settings%3DeyJpZCI6MTQ0OCwidXJsIjoiaHR0cHM6XC9cL21lZGl4YmFuay5jb21cL3dwLWNvbnRlbnRcL3VwbG9hZHNcLzIwMjFcLzA0XC8yMDIwMTAwMi0xMTQ1NDEtUENBLU1lZGlyZXhfTml0cmFfQV9fOTE3MUEuanBnIiwic2xpZGVzaG93IjoiNTE4ZTdhYyJ9\" href='https:\/\/medixbank.com\/wp-content\/uploads\/2021\/04\/20201002-114541-PCA-Medirex_Nitra_A__9171A.jpg'><img width=\"640\" height=\"427\" src=\"https:\/\/medixbank.com\/wp-content\/uploads\/2021\/04\/20201002-114541-PCA-Medirex_Nitra_A__9171A-768x512.jpg\" class=\"attachment-medium_large size-medium_large\" alt=\"\" srcset=\"https:\/\/medixbank.com\/wp-content\/uploads\/2021\/04\/20201002-114541-PCA-Medirex_Nitra_A__9171A-768x512.jpg 768w, https:\/\/medixbank.com\/wp-content\/uploads\/2021\/04\/20201002-114541-PCA-Medirex_Nitra_A__9171A-300x200.jpg 300w, https:\/\/medixbank.com\/wp-content\/uploads\/2021\/04\/20201002-114541-PCA-Medirex_Nitra_A__9171A.jpg 1000w\" sizes=\"(max-width: 640px) 100vw, 640px\" \/><\/a>\n\t\t\t<\/div><\/figure>\n\t\t<\/div>\n\t\t<\/div>\n\t\t\t\t<\/div>\n\t\t\t\t<\/div>\n\t\t\t\t\t<\/div>\n\t\t<\/div>\n\t\t\t\t\t\t\t<\/div>\n\t\t<\/section>\n\t\t\t\t\t<\/div>\n\t\t<\/div>\n\t\t\t\t\t\t\t<\/div>\n\t\t<\/section>\n\t\t\t\t<section class=\"elementor-section elementor-inner-section elementor-element elementor-element-728c37e7 elementor-section-content-space-between elementor-section-boxed elementor-section-height-default elementor-section-height-default\" data-id=\"728c37e7\" data-element_type=\"section\">\n\t\t\t\t\t\t<div class=\"elementor-container elementor-column-gap-default\">\n\t\t\t\t\t<div class=\"elementor-column elementor-col-50 elementor-inner-column elementor-element elementor-element-6cf9d366\" data-id=\"6cf9d366\" data-element_type=\"column\" data-settings=\"{&quot;background_background&quot;:&quot;classic&quot;}\">\n\t\t\t<div class=\"elementor-widget-wrap elementor-element-populated\">\n\t\t\t\t\t<div class=\"elementor-background-overlay\"><\/div>\n\t\t\t\t\t\t\t\t<div class=\"elementor-element elementor-element-66f30e95 elementor-widget elementor-widget-heading\" data-id=\"66f30e95\" data-element_type=\"widget\" data-widget_type=\"heading.default\">\n\t\t\t\t<div class=\"elementor-widget-container\">\n\t\t\t<h4 class=\"elementor-heading-title elementor-size-default\"><a href=\"https:\/\/medixbank.com\/laboratoria-mga-v-nitre\/\">Proteomics<br> laboratory<\/a><\/h4>\t\t<\/div>\n\t\t\t\t<\/div>\n\t\t\t\t<div class=\"elementor-element elementor-element-216f4be2 elementor-widget elementor-widget-text-editor\" data-id=\"216f4be2\" data-element_type=\"widget\" data-widget_type=\"text-editor.default\">\n\t\t\t\t<div class=\"elementor-widget-container\">\n\t\t\t\t\t\t\t<p>&#8211; Nitra<\/p>\t\t\t\t\t\t<\/div>\n\t\t\t\t<\/div>\n\t\t\t\t<div class=\"elementor-element elementor-element-48f8ca19 content-align-left elementor-widget elementor-widget-MGA Button\" data-id=\"48f8ca19\" data-element_type=\"widget\" data-widget_type=\"MGA Button.default\">\n\t\t\t\t<div class=\"elementor-widget-container\">\n\t\t\t<a href=\"https:\/\/medixbank.com\/en\/proteomics-laboratory\/\" rel=\"nofollow\" class=\"button button--icon button--full button--outline button--white button--draw\"><span>View more<\/span><i class=\"icon-lg-arrow-right\"><\/i><\/a>\t\t<\/div>\n\t\t\t\t<\/div>\n\t\t\t\t\t<\/div>\n\t\t<\/div>\n\t\t\t\t<div class=\"elementor-column elementor-col-50 elementor-inner-column elementor-element elementor-element-226b67f1\" data-id=\"226b67f1\" data-element_type=\"column\" data-settings=\"{&quot;background_background&quot;:&quot;classic&quot;}\">\n\t\t\t<div class=\"elementor-widget-wrap elementor-element-populated\">\n\t\t\t\t\t<div class=\"elementor-background-overlay\"><\/div>\n\t\t\t\t\t\t\t\t<div class=\"elementor-element elementor-element-3668a62d elementor-widget elementor-widget-heading\" data-id=\"3668a62d\" data-element_type=\"widget\" data-widget_type=\"heading.default\">\n\t\t\t\t<div class=\"elementor-widget-container\">\n\t\t\t<h4 class=\"elementor-heading-title elementor-size-default\"><a href=\"https:\/\/medixbank.com\/laboratoria-mga-v-kosiciach\/\">Histological and cytological  <br>  laboratory <\/a><\/h4>\t\t<\/div>\n\t\t\t\t<\/div>\n\t\t\t\t<div class=\"elementor-element elementor-element-30b2941d elementor-widget elementor-widget-text-editor\" data-id=\"30b2941d\" data-element_type=\"widget\" data-widget_type=\"text-editor.default\">\n\t\t\t\t<div class=\"elementor-widget-container\">\n\t\t\t\t\t\t\t<p><span style=\"color: var( --e-global-color-55a23d1 );\">&#8211; Ko\u0161ice<\/span><\/p><p>&#8211; Nitra<\/p>\t\t\t\t\t\t<\/div>\n\t\t\t\t<\/div>\n\t\t\t\t<div class=\"elementor-element elementor-element-35eb2345 content-align-left elementor-widget elementor-widget-MGA Button\" data-id=\"35eb2345\" data-element_type=\"widget\" data-widget_type=\"MGA Button.default\">\n\t\t\t\t<div class=\"elementor-widget-container\">\n\t\t\t<a href=\"https:\/\/medixbank.com\/en\/histological-and-cytological-laboratory\/\" rel=\"nofollow\" class=\"button button--icon button--full button--outline button--white button--draw\"><span>View more<\/span><i class=\"icon-lg-arrow-right\"><\/i><\/a>\t\t<\/div>\n\t\t\t\t<\/div>\n\t\t\t\t\t<\/div>\n\t\t<\/div>\n\t\t\t\t\t\t\t<\/div>\n\t\t<\/section>\n\t\t\t\t\t\t\t<\/div>\n\t\t","protected":false},"excerpt":{"rendered":"<p>Genetic laboratories MGA genetic laboratories are designed to perform complex genetic and genomic analyses. The respective laboratory facilities located in Bratislava, Nitra and Ko\u0161ice, enable performing analyses of various scopes and degrees. In order to ensure ideal efficiency and operability of the use of key equipment, the laboratories enable implementation of individual analyses with different [&hellip;]<\/p>\n","protected":false},"author":2,"featured_media":0,"parent":0,"menu_order":0,"comment_status":"closed","ping_status":"closed","template":"","meta":[],"acf":[],"_links":{"self":[{"href":"https:\/\/medixbank.com\/en\/wp-json\/wp\/v2\/pages\/3197"}],"collection":[{"href":"https:\/\/medixbank.com\/en\/wp-json\/wp\/v2\/pages"}],"about":[{"href":"https:\/\/medixbank.com\/en\/wp-json\/wp\/v2\/types\/page"}],"author":[{"embeddable":true,"href":"https:\/\/medixbank.com\/en\/wp-json\/wp\/v2\/users\/2"}],"replies":[{"embeddable":true,"href":"https:\/\/medixbank.com\/en\/wp-json\/wp\/v2\/comments?post=3197"}],"version-history":[{"count":0,"href":"https:\/\/medixbank.com\/en\/wp-json\/wp\/v2\/pages\/3197\/revisions"}],"wp:attachment":[{"href":"https:\/\/medixbank.com\/en\/wp-json\/wp\/v2\/media?parent=3197"}],"curies":[{"name":"wp","href":"https:\/\/api.w.org\/{rel}","templated":true}]}}