{"id":3228,"date":"2021-03-14T16:24:53","date_gmt":"2021-03-14T15:24:53","guid":{"rendered":"https:\/\/mga.local\/spolupraca-s-akademickymi-a-vedeckymi-subjektami\/"},"modified":"2021-09-02T08:42:08","modified_gmt":"2021-09-02T06:42:08","slug":"cooperation-with-academic-and-scientific-entities","status":"publish","type":"page","link":"https:\/\/medixbank.com\/en\/cooperation-with-academic-and-scientific-entities\/","title":{"rendered":"Cooperation with academic and scientific entities"},"content":{"rendered":"\t\t<div data-elementor-type=\"wp-page\" data-elementor-id=\"3228\" class=\"elementor elementor-3228 elementor-437\">\n\t\t\t\t\t\t\t\t\t<section class=\"elementor-section elementor-top-section elementor-element elementor-element-476b629 elementor-section-boxed elementor-section-height-default elementor-section-height-default\" data-id=\"476b629\" data-element_type=\"section\">\n\t\t\t\t\t\t<div class=\"elementor-container elementor-column-gap-default\">\n\t\t\t\t\t<div class=\"elementor-column elementor-col-50 elementor-top-column elementor-element elementor-element-96c2e6f\" data-id=\"96c2e6f\" data-element_type=\"column\">\n\t\t\t<div class=\"elementor-widget-wrap elementor-element-populated\">\n\t\t\t\t\t\t\t\t<section class=\"elementor-section elementor-inner-section elementor-element elementor-element-2430239 elementor-section-boxed elementor-section-height-default elementor-section-height-default\" data-id=\"2430239\" data-element_type=\"section\">\n\t\t\t\t\t\t<div class=\"elementor-container elementor-column-gap-default\">\n\t\t\t\t\t<div class=\"elementor-column elementor-col-100 elementor-inner-column elementor-element elementor-element-36475a1 endless--left bg--blue\" data-id=\"36475a1\" data-element_type=\"column\">\n\t\t\t<div class=\"elementor-widget-wrap elementor-element-populated\">\n\t\t\t\t\t\t\t\t<div class=\"elementor-element elementor-element-798c896 elementor-widget elementor-widget-text-editor\" data-id=\"798c896\" data-element_type=\"widget\" data-widget_type=\"text-editor.default\">\n\t\t\t\t<div class=\"elementor-widget-container\">\n\t\t\t\t\t\t\t<p>As part of scientific research projects, we cooperate with prestigious foreign and best Slovak universities and scientific institutions. We are aware that within the framework of biomedical research, it is necessary to form scientific consortia, also with participation of top foreign scientists. It is also extremely important to reflect on current challenges in a timely and effective manner, primarily on the COVID-19 pandemic <br \/>which greatly influences the current direction of scientific research projects.<\/p>\t\t\t\t\t\t<\/div>\n\t\t\t\t<\/div>\n\t\t\t\t<div class=\"elementor-element elementor-element-0401e36 elementor-position-left elementor-vertical-align-middle elementor-widget elementor-widget-image-box\" data-id=\"0401e36\" data-element_type=\"widget\" data-widget_type=\"image-box.default\">\n\t\t\t\t<div class=\"elementor-widget-container\">\n\t\t\t<div class=\"elementor-image-box-wrapper\"><figure class=\"elementor-image-box-img\"><a href=\"https:\/\/cuni.cz\/UK-1.html\"><img src=\"https:\/\/medixbank.com\/wp-content\/uploads\/2021\/04\/logo_karlova_white.svg\" class=\"attachment-full size-full\" alt=\"\" \/><\/a><\/figure><div class=\"elementor-image-box-content\"><div class=\"elementor-image-box-title\"><a href=\"https:\/\/cuni.cz\/UK-1.html\">Charles University<\/a><\/div><\/div><\/div>\t\t<\/div>\n\t\t\t\t<\/div>\n\t\t\t\t<div class=\"elementor-element elementor-element-f24c2d6 elementor-position-left elementor-vertical-align-middle elementor-widget elementor-widget-image-box\" data-id=\"f24c2d6\" data-element_type=\"widget\" data-widget_type=\"image-box.default\">\n\t\t\t\t<div class=\"elementor-widget-container\">\n\t\t\t<div class=\"elementor-image-box-wrapper\"><figure class=\"elementor-image-box-img\"><a href=\"https:\/\/uniba.sk\/\"><img width=\"1843\" height=\"1831\" src=\"https:\/\/medixbank.com\/wp-content\/uploads\/2021\/08\/UK_Logo_TP-e1630420094591.png\" class=\"attachment-full size-full\" alt=\"\" \/><\/a><\/figure><div class=\"elementor-image-box-content\"><div class=\"elementor-image-box-title\"><a href=\"https:\/\/uniba.sk\/\">J.A. Comenius University<br \/>in Bratislava<\/a><\/div><\/div><\/div>\t\t<\/div>\n\t\t\t\t<\/div>\n\t\t\t\t<div class=\"elementor-element elementor-element-e7f9f7a elementor-position-left elementor-vertical-align-middle elementor-widget elementor-widget-image-box\" data-id=\"e7f9f7a\" data-element_type=\"widget\" data-widget_type=\"image-box.default\">\n\t\t\t\t<div class=\"elementor-widget-container\">\n\t\t\t<div class=\"elementor-image-box-wrapper\"><figure class=\"elementor-image-box-img\"><a href=\"https:\/\/www.upjs.sk\/\"><img src=\"https:\/\/medixbank.com\/wp-content\/uploads\/2021\/04\/safarika-univerzita-biele.svg\" class=\"attachment-full size-full\" alt=\"\" \/><\/a><\/figure><div class=\"elementor-image-box-content\"><div class=\"elementor-image-box-title\"><a href=\"https:\/\/www.upjs.sk\/\">P.J. \u0160af\u00e1rik University <br \/>in Ko\u0161ice<\/a><\/div><\/div><\/div>\t\t<\/div>\n\t\t\t\t<\/div>\n\t\t\t\t<div class=\"elementor-element elementor-element-14ea52e elementor-position-left elementor-vertical-align-middle elementor-widget elementor-widget-image-box\" data-id=\"14ea52e\" data-element_type=\"widget\" data-widget_type=\"image-box.default\">\n\t\t\t\t<div class=\"elementor-widget-container\">\n\t\t\t<div class=\"elementor-image-box-wrapper\"><figure class=\"elementor-image-box-img\"><a href=\"https:\/\/www.stuba.sk\/\"><img src=\"https:\/\/medixbank.com\/wp-content\/uploads\/2021\/04\/logo-stu-white.svg\" class=\"attachment-full size-full\" alt=\"\" \/><\/a><\/figure><div class=\"elementor-image-box-content\"><div class=\"elementor-image-box-title\"><a href=\"https:\/\/www.stuba.sk\/\">Slovak University of Technology <br \/>in Bratislava<\/a><\/div><\/div><\/div>\t\t<\/div>\n\t\t\t\t<\/div>\n\t\t\t\t<div class=\"elementor-element elementor-element-ac4bd22 elementor-position-left elementor-vertical-align-middle elementor-widget elementor-widget-image-box\" data-id=\"ac4bd22\" data-element_type=\"widget\" data-widget_type=\"image-box.default\">\n\t\t\t\t<div class=\"elementor-widget-container\">\n\t\t\t<div class=\"elementor-image-box-wrapper\"><figure class=\"elementor-image-box-img\"><a href=\"https:\/\/www.sav.sk\/\"><img src=\"https:\/\/medixbank.com\/wp-content\/uploads\/2021\/04\/logo_SAV_white.svg\" class=\"attachment-full size-full\" alt=\"\" \/><\/a><\/figure><div class=\"elementor-image-box-content\"><div class=\"elementor-image-box-title\"><a href=\"https:\/\/www.sav.sk\/\">Slovak Academy of Sciences<\/a><\/div><\/div><\/div>\t\t<\/div>\n\t\t\t\t<\/div>\n\t\t\t\t\t<\/div>\n\t\t<\/div>\n\t\t\t\t\t\t\t<\/div>\n\t\t<\/section>\n\t\t\t\t<section class=\"elementor-section elementor-inner-section elementor-element elementor-element-bd63714 elementor-section-boxed elementor-section-height-default elementor-section-height-default\" data-id=\"bd63714\" data-element_type=\"section\" data-settings=\"{&quot;background_background&quot;:&quot;classic&quot;}\">\n\t\t\t\t\t\t<div class=\"elementor-container elementor-column-gap-default\">\n\t\t\t\t\t<div class=\"elementor-column elementor-col-100 elementor-inner-column elementor-element elementor-element-1dbc4e2\" data-id=\"1dbc4e2\" data-element_type=\"column\">\n\t\t\t<div class=\"elementor-widget-wrap elementor-element-populated\">\n\t\t\t\t\t\t\t\t<div class=\"elementor-element elementor-element-2311704 elementor-widget elementor-widget-heading\" data-id=\"2311704\" data-element_type=\"widget\" data-widget_type=\"heading.default\">\n\t\t\t\t<div class=\"elementor-widget-container\">\n\t\t\t<h4 class=\"elementor-heading-title elementor-size-default\">P.J. \u0160af\u00e1rik University in Ko\u0161ice<\/h4>\t\t<\/div>\n\t\t\t\t<\/div>\n\t\t\t\t<div class=\"elementor-element elementor-element-da6ea7a elementor-widget elementor-widget-text-editor\" data-id=\"da6ea7a\" data-element_type=\"widget\" data-widget_type=\"text-editor.default\">\n\t\t\t\t<div class=\"elementor-widget-container\">\n\t\t\t\t\t\t\t<p>Pavel Jozef \u0160af\u00e1rik University in Ko\u0161ice<strong> belongs to leading and recognized educational and scientific institutions not only in the Slovak Republic, but in the context of advanced European countries.<\/strong> The university has<br \/>5 faculties that prepare doctors, experts in natural sciences, mathematics and computer science, teachers, lawyers, experts in public administration, philosophy, languages, psychology and social work.<\/p><ul><li><a href=\"https:\/\/www.upjs.sk\/lekarska-fakulta\/\">Faculty of Medicine<\/a><\/li><li><a href=\"https:\/\/www.upjs.sk\/prirodovedecka-fakulta\/\">Faculty of Natural Sciences<\/a><\/li><\/ul>\t\t\t\t\t\t<\/div>\n\t\t\t\t<\/div>\n\t\t\t\t\t<\/div>\n\t\t<\/div>\n\t\t\t\t\t\t\t<\/div>\n\t\t<\/section>\n\t\t\t\t<section class=\"elementor-section elementor-inner-section elementor-element elementor-element-3a0d55b elementor-section-boxed elementor-section-height-default elementor-section-height-default\" data-id=\"3a0d55b\" data-element_type=\"section\" data-settings=\"{&quot;background_background&quot;:&quot;classic&quot;}\">\n\t\t\t\t\t\t<div class=\"elementor-container elementor-column-gap-default\">\n\t\t\t\t\t<div class=\"elementor-column elementor-col-100 elementor-inner-column elementor-element elementor-element-c3cf7c5\" data-id=\"c3cf7c5\" data-element_type=\"column\">\n\t\t\t<div class=\"elementor-widget-wrap elementor-element-populated\">\n\t\t\t\t\t\t\t\t<div class=\"elementor-element elementor-element-86beae0 elementor-widget elementor-widget-heading\" data-id=\"86beae0\" data-element_type=\"widget\" data-widget_type=\"heading.default\">\n\t\t\t\t<div class=\"elementor-widget-container\">\n\t\t\t<h4 class=\"elementor-heading-title elementor-size-default\">Slovak Academy of Sciences<\/h4>\t\t<\/div>\n\t\t\t\t<\/div>\n\t\t\t\t<div class=\"elementor-element elementor-element-6144693 elementor-widget elementor-widget-text-editor\" data-id=\"6144693\" data-element_type=\"widget\" data-widget_type=\"text-editor.default\">\n\t\t\t\t<div class=\"elementor-widget-container\">\n\t\t\t\t\t\t\t<p>The Slovak Academy of Sciences (SAS) is the leading scientific institution in <a href=\"https:\/\/sk.wikipedia.org\/wiki\/Slovensko\">Slovakia<\/a>. <strong>The main mission of SAS is to implement basic and applied research across a wide range of technical, natural, humanities and social science fields.<\/strong> The academy&#8217;s organizations are involved in the education and training of young researchers and scientists. Through international and domestic scientific projects, especially from the resources of the EU structural funds, and membership in international associations and institutions, SAS develops extensive international cooperation, thus integrating Slovak science into international context.<\/p><ul><li><a href=\"http:\/\/cem.sav.sk\/\">Center for Experimental Medicine<\/a><\/li><li><a href=\"http:\/\/www.imb.savba.sk\/\">Institute of Molecular Biology<\/a><\/li><li><a href=\"http:\/\/chem.sk\/sk\/\">Institute of Chemistry\u00a0<\/a><\/li><\/ul>\t\t\t\t\t\t<\/div>\n\t\t\t\t<\/div>\n\t\t\t\t\t<\/div>\n\t\t<\/div>\n\t\t\t\t\t\t\t<\/div>\n\t\t<\/section>\n\t\t\t\t\t<\/div>\n\t\t<\/div>\n\t\t\t\t<div class=\"elementor-column elementor-col-50 elementor-top-column elementor-element elementor-element-5a543f1\" data-id=\"5a543f1\" data-element_type=\"column\">\n\t\t\t<div class=\"elementor-widget-wrap elementor-element-populated\">\n\t\t\t\t\t\t\t\t<div class=\"elementor-element elementor-element-26dc300 elementor-widget elementor-widget-text-editor\" data-id=\"26dc300\" data-element_type=\"widget\" data-widget_type=\"text-editor.default\">\n\t\t\t\t<div class=\"elementor-widget-container\">\n\t\t\t\t\t\t\t<p>Cooperation with Charles University in Prague is particularly <br \/>important. Excellent scientists from this university are also involved in scientific projects in which MGA participates. The combination of international expertise and activities of various scientific research groups contribute to advancing of the research conducted in MGA itself.<\/p>\t\t\t\t\t\t<\/div>\n\t\t\t\t<\/div>\n\t\t\t\t<section class=\"elementor-section elementor-inner-section elementor-element elementor-element-09a82f9 elementor-section-boxed elementor-section-height-default elementor-section-height-default\" data-id=\"09a82f9\" data-element_type=\"section\" data-settings=\"{&quot;background_background&quot;:&quot;classic&quot;}\">\n\t\t\t\t\t\t<div class=\"elementor-container elementor-column-gap-default\">\n\t\t\t\t\t<div class=\"elementor-column elementor-col-100 elementor-inner-column elementor-element elementor-element-5afa919\" data-id=\"5afa919\" data-element_type=\"column\">\n\t\t\t<div class=\"elementor-widget-wrap elementor-element-populated\">\n\t\t\t\t\t\t\t\t<div class=\"elementor-element elementor-element-49329ae elementor-widget elementor-widget-heading\" data-id=\"49329ae\" data-element_type=\"widget\" data-widget_type=\"heading.default\">\n\t\t\t\t<div class=\"elementor-widget-container\">\n\t\t\t<h4 class=\"elementor-heading-title elementor-size-default\">Charles University<\/h4>\t\t<\/div>\n\t\t\t\t<\/div>\n\t\t\t\t<div class=\"elementor-element elementor-element-0f30e92 elementor-widget elementor-widget-text-editor\" data-id=\"0f30e92\" data-element_type=\"widget\" data-widget_type=\"text-editor.default\">\n\t\t\t\t<div class=\"elementor-widget-container\">\n\t\t\t\t\t\t\t<p>Charles University (CU) is one of the world&#8217;s oldest universities and is an internationally recognized research-type university. According to official evaluations of scientific outputs, it is the best-performing scientific institution in the Czech Republic.<strong> International rankings classify Charles University to<\/strong><br \/><strong>1% of the world&#8217;s best universities.<\/strong> CU was the first university in the Czech Republic to establish its own subsidiary, Charles University Innovations Prague, which operates as a dedicated agency for technology transfer to accelerate and streamline the transfer of science and research results into practice. One part of the effective transfer are also the so-called spin-off companies, such as GeneSpector, which develops and distributes kits for the diagnosis of new viral diseases.<br \/>\u00a0 \u00a0\u00a0<\/p><ul><li><a href=\"https:\/\/cppt.cuni.cz\/CPPTN-1.html\">Center for Knowledge and Technology Transfer<\/a><\/li><\/ul><p><strong>\u00a0\u00a0\u00a0\u00a0\u00a0\u00a0\u00a0\u00a0\u00a0\u00a0\u00a0\u00a0\u00a0\u00a0\u00a0\u00a0\u00a0\u00a0\u00a0\u00a0\u00a0\u00a0\u00a0 <\/strong><\/p>\t\t\t\t\t\t<\/div>\n\t\t\t\t<\/div>\n\t\t\t\t\t<\/div>\n\t\t<\/div>\n\t\t\t\t\t\t\t<\/div>\n\t\t<\/section>\n\t\t\t\t<section class=\"elementor-section elementor-inner-section elementor-element elementor-element-50aaf20 elementor-section-boxed elementor-section-height-default elementor-section-height-default\" data-id=\"50aaf20\" data-element_type=\"section\" data-settings=\"{&quot;background_background&quot;:&quot;classic&quot;}\">\n\t\t\t\t\t\t<div class=\"elementor-container elementor-column-gap-default\">\n\t\t\t\t\t<div class=\"elementor-column elementor-col-100 elementor-inner-column elementor-element elementor-element-dc7290e\" data-id=\"dc7290e\" data-element_type=\"column\">\n\t\t\t<div class=\"elementor-widget-wrap elementor-element-populated\">\n\t\t\t\t\t\t\t\t<div class=\"elementor-element elementor-element-861915b elementor-widget elementor-widget-heading\" data-id=\"861915b\" data-element_type=\"widget\" data-widget_type=\"heading.default\">\n\t\t\t\t<div class=\"elementor-widget-container\">\n\t\t\t<h4 class=\"elementor-heading-title elementor-size-default\">J.A. Comenius University in Bratislava<\/h4>\t\t<\/div>\n\t\t\t\t<\/div>\n\t\t\t\t<div class=\"elementor-element elementor-element-123b471 elementor-widget elementor-widget-text-editor\" data-id=\"123b471\" data-element_type=\"widget\" data-widget_type=\"text-editor.default\">\n\t\t\t\t<div class=\"elementor-widget-container\">\n\t\t\t\t\t\t\t<p>Comenius University (CU) is <strong>the largest and oldest university in Slovakia<\/strong>, which celebrated its 100th anniversary in 2019. As the only Slovak university, it is regularly ranked in the world rankings of the world&#8217;s best universities. Across its 13 faculties, CU provides the widest selection of study programs (over 800) in three levels, several of which are unique in Slovakia. You can choose from a wide range of fields of human knowledge &#8211; from medicine through humanities and social sciences, to natural sciences, mathematics or theology.<\/p><p>\u00a0<\/p><p>CU is a research institution that covers hundreds of domestic and international research projects. Thus, several students participate in significant research projects while still studying and can actively participate in investigation under projects and grants, or participate in professional internships at home and abroad. <strong>The university also has its the Scientific Park<\/strong> &#8211; a specialized research and development facility with a priority focus on biomedicine, environmental medicine and biotechnology.<\/p><ul><li><a href=\"https:\/\/www.fmed.uniba.sk\/\">Faculty of Medicine<\/a><\/li><li><a href=\"https:\/\/fns.uniba.sk\/\">Faculty of Natural Sciences<\/a><\/li><li><a href=\"https:\/\/cusp.uniba.sk\/\">Scientific Park<\/a><\/li><\/ul>\t\t\t\t\t\t<\/div>\n\t\t\t\t<\/div>\n\t\t\t\t\t<\/div>\n\t\t<\/div>\n\t\t\t\t\t\t\t<\/div>\n\t\t<\/section>\n\t\t\t\t<section class=\"elementor-section elementor-inner-section elementor-element elementor-element-63e6081 elementor-section-boxed elementor-section-height-default elementor-section-height-default\" data-id=\"63e6081\" data-element_type=\"section\" data-settings=\"{&quot;background_background&quot;:&quot;classic&quot;}\">\n\t\t\t\t\t\t<div class=\"elementor-container elementor-column-gap-default\">\n\t\t\t\t\t<div class=\"elementor-column elementor-col-100 elementor-inner-column elementor-element elementor-element-0db3140\" data-id=\"0db3140\" data-element_type=\"column\">\n\t\t\t<div class=\"elementor-widget-wrap elementor-element-populated\">\n\t\t\t\t\t\t\t\t<div class=\"elementor-element elementor-element-9c51bcd elementor-widget elementor-widget-heading\" data-id=\"9c51bcd\" data-element_type=\"widget\" data-widget_type=\"heading.default\">\n\t\t\t\t<div class=\"elementor-widget-container\">\n\t\t\t<h4 class=\"elementor-heading-title elementor-size-default\">Slovak University of Technology in Bratislava<\/h4>\t\t<\/div>\n\t\t\t\t<\/div>\n\t\t\t\t<div class=\"elementor-element elementor-element-9aa27be elementor-widget elementor-widget-text-editor\" data-id=\"9aa27be\" data-element_type=\"widget\" data-widget_type=\"text-editor.default\">\n\t\t\t\t<div class=\"elementor-widget-container\">\n\t\t\t\t\t\t\t<p>The Slovak University of Technology in Bratislava (STU) <strong>is the largest and oldest technical university in Slovakia<\/strong> with a renowned scientific research base, experienced researchers, erudite teachers and a systematically developed network of scientific libraries. Scientific research and higher education are provided by 7 faculties and 9 university centers. STU has 16 registered patents and a number of utility models.<\/p><ul><li><a href=\"https:\/\/www.fei.stuba.sk\/\">Faculty of Electrical Engineering and Computer Science<\/a><\/li><li><a href=\"https:\/\/www.fchpt.stuba.sk\/\">Faculty of Chemical and Food Technology<\/a><\/li><\/ul>\t\t\t\t\t\t<\/div>\n\t\t\t\t<\/div>\n\t\t\t\t\t<\/div>\n\t\t<\/div>\n\t\t\t\t\t\t\t<\/div>\n\t\t<\/section>\n\t\t\t\t\t<\/div>\n\t\t<\/div>\n\t\t\t\t\t\t\t<\/div>\n\t\t<\/section>\n\t\t\t\t\t\t\t<\/div>\n\t\t","protected":false},"excerpt":{"rendered":"<p>As part of scientific research projects, we cooperate with prestigious foreign and best Slovak universities and scientific institutions. We are aware that within the framework of biomedical research, it is necessary to form scientific consortia, also with participation of top foreign scientists. It is also extremely important to reflect on current challenges in a timely [&hellip;]<\/p>\n","protected":false},"author":1,"featured_media":0,"parent":0,"menu_order":0,"comment_status":"closed","ping_status":"closed","template":"","meta":[],"acf":[],"_links":{"self":[{"href":"https:\/\/medixbank.com\/en\/wp-json\/wp\/v2\/pages\/3228"}],"collection":[{"href":"https:\/\/medixbank.com\/en\/wp-json\/wp\/v2\/pages"}],"about":[{"href":"https:\/\/medixbank.com\/en\/wp-json\/wp\/v2\/types\/page"}],"author":[{"embeddable":true,"href":"https:\/\/medixbank.com\/en\/wp-json\/wp\/v2\/users\/1"}],"replies":[{"embeddable":true,"href":"https:\/\/medixbank.com\/en\/wp-json\/wp\/v2\/comments?post=3228"}],"version-history":[{"count":0,"href":"https:\/\/medixbank.com\/en\/wp-json\/wp\/v2\/pages\/3228\/revisions"}],"wp:attachment":[{"href":"https:\/\/medixbank.com\/en\/wp-json\/wp\/v2\/media?parent=3228"}],"curies":[{"name":"wp","href":"https:\/\/api.w.org\/{rel}","templated":true}]}}