{"id":3231,"date":"2021-03-07T21:50:14","date_gmt":"2021-03-07T20:50:14","guid":{"rendered":"https:\/\/mga.local\/odborne-podujatia\/"},"modified":"2021-09-19T19:12:52","modified_gmt":"2021-09-19T17:12:52","slug":"professional-events","status":"publish","type":"page","link":"https:\/\/medixbank.com\/en\/professional-events\/","title":{"rendered":"Professional events"},"content":{"rendered":"\t\t<div data-elementor-type=\"wp-page\" data-elementor-id=\"3231\" class=\"elementor elementor-3231 elementor-342\">\n\t\t\t\t\t\t\t\t\t<section class=\"elementor-section elementor-top-section elementor-element elementor-element-a5bbb66 elementor-section-boxed elementor-section-height-default elementor-section-height-default\" data-id=\"a5bbb66\" data-element_type=\"section\">\n\t\t\t\t\t\t<div class=\"elementor-container elementor-column-gap-default\">\n\t\t\t\t\t<div class=\"elementor-column elementor-col-100 elementor-top-column elementor-element elementor-element-6ae7dfa\" data-id=\"6ae7dfa\" data-element_type=\"column\">\n\t\t\t<div class=\"elementor-widget-wrap elementor-element-populated\">\n\t\t\t\t\t\t\t\t<div class=\"elementor-element elementor-element-e148b65 elementor-widget elementor-widget-heading\" data-id=\"e148b65\" data-element_type=\"widget\" data-widget_type=\"heading.default\">\n\t\t\t\t<div class=\"elementor-widget-container\">\n\t\t\t<h3 class=\"elementor-heading-title elementor-size-default\">Planned events<\/h3>\t\t<\/div>\n\t\t\t\t<\/div>\n\t\t\t\t<div class=\"elementor-element elementor-element-955626a elementor-widget elementor-widget-mga_events_list\" data-id=\"955626a\" data-element_type=\"widget\" data-widget_type=\"mga_events_list.default\">\n\t\t\t\t<div class=\"elementor-widget-container\">\n\t\t\t<div class=\"events__empty\"><i class=\"icon-book\"><\/i><p>No events are currently scheduled.<\/p><\/div>\t\t<\/div>\n\t\t\t\t<\/div>\n\t\t\t\t<div class=\"elementor-element elementor-element-31db642 elementor-widget elementor-widget-spacer\" data-id=\"31db642\" data-element_type=\"widget\" data-widget_type=\"spacer.default\">\n\t\t\t\t<div class=\"elementor-widget-container\">\n\t\t\t\t\t<div class=\"elementor-spacer\">\n\t\t\t<div class=\"elementor-spacer-inner\"><\/div>\n\t\t<\/div>\n\t\t\t\t<\/div>\n\t\t\t\t<\/div>\n\t\t\t\t<div class=\"elementor-element elementor-element-2a4ca38 content-align-left elementor-widget elementor-widget-MGA Button\" data-id=\"2a4ca38\" data-element_type=\"widget\" data-widget_type=\"MGA Button.default\">\n\t\t\t\t<div class=\"elementor-widget-container\">\n\t\t\t<a href=\"https:\/\/medixbank.com\/en\/archive-of-events\/\" rel=\"nofollow\" class=\"button button--icon d button--outline button--base button--draw\"><span>View event archive<\/span><i class=\"e\"><\/i><\/a>\t\t<\/div>\n\t\t\t\t<\/div>\n\t\t\t\t\t<\/div>\n\t\t<\/div>\n\t\t\t\t\t\t\t<\/div>\n\t\t<\/section>\n\t\t\t\t<section class=\"elementor-section elementor-top-section elementor-element elementor-element-6f99d61 elementor-section-boxed elementor-section-height-default elementor-section-height-default\" data-id=\"6f99d61\" data-element_type=\"section\" data-settings=\"{&quot;background_background&quot;:&quot;classic&quot;}\">\n\t\t\t\t\t\t<div class=\"elementor-container elementor-column-gap-default\">\n\t\t\t\t\t<div class=\"elementor-column elementor-col-50 elementor-top-column elementor-element elementor-element-352b75b\" data-id=\"352b75b\" data-element_type=\"column\">\n\t\t\t<div class=\"elementor-widget-wrap elementor-element-populated\">\n\t\t\t\t\t\t\t\t<div class=\"elementor-element elementor-element-23f4c4c elementor-widget elementor-widget-spacer\" data-id=\"23f4c4c\" data-element_type=\"widget\" data-widget_type=\"spacer.default\">\n\t\t\t\t<div class=\"elementor-widget-container\">\n\t\t\t\t\t<div class=\"elementor-spacer\">\n\t\t\t<div class=\"elementor-spacer-inner\"><\/div>\n\t\t<\/div>\n\t\t\t\t<\/div>\n\t\t\t\t<\/div>\n\t\t\t\t<div class=\"elementor-element elementor-element-ce105f8 elementor-widget elementor-widget-heading\" data-id=\"ce105f8\" data-element_type=\"widget\" data-widget_type=\"heading.default\">\n\t\t\t\t<div class=\"elementor-widget-container\">\n\t\t\t<h3 class=\"elementor-heading-title elementor-size-default\">Professional events<\/h3>\t\t<\/div>\n\t\t\t\t<\/div>\n\t\t\t\t<div class=\"elementor-element elementor-element-d0b3086 elementor-widget elementor-widget-text-editor\" data-id=\"d0b3086\" data-element_type=\"widget\" data-widget_type=\"text-editor.default\">\n\t\t\t\t<div class=\"elementor-widget-container\">\n\t\t\t\t\t\t\t<p>Continual education of healthcare professionals is essential, which is why MGA pays significant attention to this particular area. To support this educational process, MGA annually organizes several professional events for the education of physicians and laboratory workers within the scope of professional seminars and congresses with local or national relevance.<\/p><p>\u00a0<\/p><p>MGA also organizes international events with the participation of lecturing experts from abroad. In addition, MGA participates in the organization of pre-certification seminars\/courses for physicians in cooperation with the Slovak Medical University, at which selected diagnostic procedures are presented to physicians from practice. Professional events are included in the list of credit-evaluated educational activities of the Slovak Medical Chamber.<\/p>\t\t\t\t\t\t<\/div>\n\t\t\t\t<\/div>\n\t\t\t\t\t<\/div>\n\t\t<\/div>\n\t\t\t\t<div class=\"elementor-column elementor-col-50 elementor-top-column elementor-element elementor-element-ff6cf94\" data-id=\"ff6cf94\" data-element_type=\"column\">\n\t\t\t<div class=\"elementor-widget-wrap elementor-element-populated\">\n\t\t\t\t\t\t\t\t<div class=\"elementor-element elementor-element-8c5fb65 elementor-widget elementor-widget-image\" data-id=\"8c5fb65\" data-element_type=\"widget\" data-widget_type=\"image.default\">\n\t\t\t\t<div class=\"elementor-widget-container\">\n\t\t\t\t\t\t\t\t\t\t\t\t\t\t\t<img src=\"https:\/\/medixbank.com\/wp-content\/uploads\/elementor\/thumbs\/20190521-154353-PCR-Medirex_Pariz_A__3744A-scaled-e1620817465215-p8datefxlf28gqo2aipvhhoov94p7nq2prw4ut5abs.jpg\" title=\"20190521-154353-PCR-Medirex_Pariz_A__3744A\" alt=\"20190521-154353-PCR-Medirex_Pariz_A__3744A\" \/>\t\t\t\t\t\t\t\t\t\t\t\t\t\t\t<\/div>\n\t\t\t\t<\/div>\n\t\t\t\t\t<\/div>\n\t\t<\/div>\n\t\t\t\t\t\t\t<\/div>\n\t\t<\/section>\n\t\t\t\t\t\t\t<\/div>\n\t\t","protected":false},"excerpt":{"rendered":"<p>Planned events Aktu\u00e1lne nie s\u00fa napl\u00e1novan\u00e9 \u017eiadne podujatia. View event archive Professional events Continual education of healthcare professionals is essential, which is why MGA pays significant attention to this particular area. To support this educational process, MGA annually organizes several professional events for the education of physicians and laboratory workers within the scope of professional [&hellip;]<\/p>\n","protected":false},"author":1,"featured_media":0,"parent":0,"menu_order":0,"comment_status":"closed","ping_status":"closed","template":"","meta":[],"acf":[],"_links":{"self":[{"href":"https:\/\/medixbank.com\/en\/wp-json\/wp\/v2\/pages\/3231"}],"collection":[{"href":"https:\/\/medixbank.com\/en\/wp-json\/wp\/v2\/pages"}],"about":[{"href":"https:\/\/medixbank.com\/en\/wp-json\/wp\/v2\/types\/page"}],"author":[{"embeddable":true,"href":"https:\/\/medixbank.com\/en\/wp-json\/wp\/v2\/users\/1"}],"replies":[{"embeddable":true,"href":"https:\/\/medixbank.com\/en\/wp-json\/wp\/v2\/comments?post=3231"}],"version-history":[{"count":0,"href":"https:\/\/medixbank.com\/en\/wp-json\/wp\/v2\/pages\/3231\/revisions"}],"wp:attachment":[{"href":"https:\/\/medixbank.com\/en\/wp-json\/wp\/v2\/media?parent=3231"}],"curies":[{"name":"wp","href":"https:\/\/api.w.org\/{rel}","templated":true}]}}