{"id":3237,"date":"2021-04-20T09:54:52","date_gmt":"2021-04-20T07:54:52","guid":{"rendered":"https:\/\/mga.local\/juraj-payer\/"},"modified":"2021-09-02T09:45:52","modified_gmt":"2021-09-02T07:45:52","slug":"juraj-payer","status":"publish","type":"page","link":"https:\/\/medixbank.com\/en\/juraj-payer\/","title":{"rendered":"Juraj Payer"},"content":{"rendered":"\t\t<div data-elementor-type=\"wp-page\" data-elementor-id=\"3237\" class=\"elementor elementor-3237 elementor-1397\">\n\t\t\t\t\t\t\t\t\t<section class=\"elementor-section elementor-top-section elementor-element elementor-element-4e8baca elementor-section-boxed elementor-section-height-default elementor-section-height-default\" data-id=\"4e8baca\" data-element_type=\"section\">\n\t\t\t\t\t\t<div class=\"elementor-container elementor-column-gap-default\">\n\t\t\t\t\t\t\t\t<\/div>\n\t\t<\/section>\n\t\t\t\t<section class=\"elementor-section elementor-top-section elementor-element elementor-element-05235e5 elementor-section-boxed elementor-section-height-default elementor-section-height-default\" data-id=\"05235e5\" data-element_type=\"section\">\n\t\t\t\t\t\t<div class=\"elementor-container elementor-column-gap-default\">\n\t\t\t\t\t<div class=\"elementor-column elementor-col-100 elementor-top-column elementor-element elementor-element-556b177\" data-id=\"556b177\" data-element_type=\"column\">\n\t\t\t<div class=\"elementor-widget-wrap elementor-element-populated\">\n\t\t\t\t\t\t\t\t\t<\/div>\n\t\t<\/div>\n\t\t\t\t\t\t\t<\/div>\n\t\t<\/section>\n\t\t\t\t<section class=\"elementor-section elementor-top-section elementor-element elementor-element-ec104c7 elementor-section-content-middle elementor-section-boxed elementor-section-height-default elementor-section-height-default\" data-id=\"ec104c7\" data-element_type=\"section\">\n\t\t\t\t\t\t<div class=\"elementor-container elementor-column-gap-default\">\n\t\t\t\t\t<div class=\"elementor-column elementor-col-33 elementor-top-column elementor-element elementor-element-4dcf965\" data-id=\"4dcf965\" data-element_type=\"column\">\n\t\t\t<div class=\"elementor-widget-wrap elementor-element-populated\">\n\t\t\t\t\t\t\t\t<div class=\"elementor-element elementor-element-6afd59f elementor-widget elementor-widget-image\" data-id=\"6afd59f\" data-element_type=\"widget\" data-widget_type=\"image.default\">\n\t\t\t\t<div class=\"elementor-widget-container\">\n\t\t\t\t\t\t\t\t\t\t\t\t\t\t\t<img width=\"150\" height=\"150\" src=\"https:\/\/medixbank.com\/wp-content\/uploads\/2021\/03\/scientist_1-150x150.jpg\" class=\"attachment-thumbnail size-thumbnail\" alt=\"\" \/>\t\t\t\t\t\t\t\t\t\t\t\t\t\t\t<\/div>\n\t\t\t\t<\/div>\n\t\t\t\t\t<\/div>\n\t\t<\/div>\n\t\t\t\t<div class=\"elementor-column elementor-col-66 elementor-top-column elementor-element elementor-element-81490c4\" data-id=\"81490c4\" data-element_type=\"column\">\n\t\t\t<div class=\"elementor-widget-wrap elementor-element-populated\">\n\t\t\t\t\t\t\t\t<div class=\"elementor-element elementor-element-b351b0a elementor-widget elementor-widget-heading\" data-id=\"b351b0a\" data-element_type=\"widget\" data-widget_type=\"heading.default\">\n\t\t\t\t<div class=\"elementor-widget-container\">\n\t\t\t<h4 class=\"elementor-heading-title elementor-size-default\">Prof. MUDr. Juraj Payer, PhD., MPH, FRCP<\/h4>\t\t<\/div>\n\t\t\t\t<\/div>\n\t\t\t\t\t<\/div>\n\t\t<\/div>\n\t\t\t\t\t\t\t<\/div>\n\t\t<\/section>\n\t\t\t\t<section class=\"elementor-section elementor-top-section elementor-element elementor-element-c28ee61 elementor-section-boxed elementor-section-height-default elementor-section-height-default\" data-id=\"c28ee61\" data-element_type=\"section\">\n\t\t\t\t\t\t<div class=\"elementor-container elementor-column-gap-default\">\n\t\t\t\t\t\t\t\t<\/div>\n\t\t<\/section>\n\t\t\t\t<section class=\"elementor-section elementor-top-section elementor-element elementor-element-5f5bdc6 elementor-section-boxed elementor-section-height-default elementor-section-height-default\" data-id=\"5f5bdc6\" data-element_type=\"section\">\n\t\t\t\t\t\t<div class=\"elementor-container elementor-column-gap-default\">\n\t\t\t\t\t<div class=\"elementor-column elementor-col-100 elementor-top-column elementor-element elementor-element-9500403\" data-id=\"9500403\" data-element_type=\"column\">\n\t\t\t<div class=\"elementor-widget-wrap elementor-element-populated\">\n\t\t\t\t\t\t\t\t<section class=\"elementor-section elementor-inner-section elementor-element elementor-element-4934d30 elementor-section-boxed elementor-section-height-default elementor-section-height-default\" data-id=\"4934d30\" data-element_type=\"section\">\n\t\t\t\t\t\t<div class=\"elementor-container elementor-column-gap-default\">\n\t\t\t\t\t<div class=\"elementor-column elementor-col-50 elementor-inner-column elementor-element elementor-element-cb2a042\" data-id=\"cb2a042\" data-element_type=\"column\">\n\t\t\t<div class=\"elementor-widget-wrap elementor-element-populated\">\n\t\t\t\t\t\t\t\t<div class=\"elementor-element elementor-element-5c37e06 elementor-widget elementor-widget-text-editor\" data-id=\"5c37e06\" data-element_type=\"widget\" data-widget_type=\"text-editor.default\">\n\t\t\t\t<div class=\"elementor-widget-container\">\n\t\t\t\t\t\t\t<p>Head of the 5th Internal Clinic of the Medical Faculty of Comenius University in Bratislava and the University Hospital in Bratislava, first Vice-Dean of Charles University for cooperation of the faculty with medical facilities, health care, specialization studies and representation of the dean of Charles University, and the field of endocrinology.<\/p><p>\u00a0<\/p><p><strong>He also works at the Medical Faculty of Comenius University in Bratislava as the chairman of the examination commission for state final examinations (graduation) in internal medicine.<\/strong> He is the professional supervisor for teaching internal propaedeutics and internal medicine for the field of general medicine and also for specialized studies in the field of endocrinology. Simultaneously, he is the chairman of the examination commission for the specialization exam in the field of endocrinology.<\/p><p>\u00a0<\/p><p>He is also a member of the Academic Senate and the Scientific Board of the Medical Faculty of Comenius University in Bratislava, the examination commission for board certification in endocrinology at the Slovak Medical University in Bratislava, the editorial board of the journals Osteologick\u00fd Bulletin, Slovensk\u00fd l\u00e9ka\u0159, Medical Monitor, Forum Diabetologicum, Via practica A member of the American Osteological Society, the American and European Endocrinological Society, the presidium of the Slovak Medical Society (SLS), where he is also the first Vice President.<\/p>\t\t\t\t\t\t<\/div>\n\t\t\t\t<\/div>\n\t\t\t\t\t<\/div>\n\t\t<\/div>\n\t\t\t\t<div class=\"elementor-column elementor-col-50 elementor-inner-column elementor-element elementor-element-c6d6408\" data-id=\"c6d6408\" data-element_type=\"column\">\n\t\t\t<div class=\"elementor-widget-wrap elementor-element-populated\">\n\t\t\t\t\t\t\t\t<div class=\"elementor-element elementor-element-c4f03b0 elementor-widget elementor-widget-text-editor\" data-id=\"c4f03b0\" data-element_type=\"widget\" data-widget_type=\"text-editor.default\">\n\t\t\t\t<div class=\"elementor-widget-container\">\n\t\t\t\t\t\t\t<p><strong>He is an honorary memberof:<\/strong><\/p><ul><li>Czech Medical Society of Jan Evangelista Purken,<\/li><li>Slovak Orthopedic and Traumatological Society of the Slovak Medical Society,<\/li><li>Society for Metabolic Diseases of the Skeleton of the Czech Medical Society of J.E. Purkyn\u011b and others.<\/li><\/ul><p><strong>He has received many awards and honors, from which we choose:<\/strong><\/p><ul><li>Jessenius Slovak Medical Society (SLS) Award for the monograph titled Osteoporosis, Bratislava 2013,<\/li><li>SLS Gold Medal for Merits for the Slovak Medical Society, Bratislava 2013,<\/li><li>Literary Fund Award for Scientific and Professional Literature for 2012 in the category of biological and medical sciences,<\/li><li>Jessenius SLS Award for the monograph titled Dictionary of Rheumatology, Bratislava 2010 and others.<\/li><\/ul><p class=\"blockheading\" style=\"line-height: 19.2pt; background: white;\">He cooperates with <strong>MEDIREX<\/strong> GROUP ACADEMY on the project:<\/p><p>\u00a0<\/p><p class=\"blockheading\" style=\"line-height: 19.2pt; background: white;\"><strong>Project name:<\/strong><br \/>Long-term strategic research and development focused on the prevalence of Lynch syndrome in the population of the Slovak Republic and the possibilities of prevention of tumors associated with this syndrome.<\/p><p class=\"blockheading\" style=\"line-height: 19.2pt; background: white;\"><br \/><strong>Acronym:<\/strong><br \/><a href=\"https:\/\/medixbank.com\/projekt\/prevelynch\/\">PreveLynch<\/a><\/p><p class=\"blockheading\" style=\"line-height: 19.2pt; background: white;\"><br \/><strong>Project code:<\/strong><br \/>313011V578<\/p>\t\t\t\t\t\t<\/div>\n\t\t\t\t<\/div>\n\t\t\t\t\t<\/div>\n\t\t<\/div>\n\t\t\t\t\t\t\t<\/div>\n\t\t<\/section>\n\t\t\t\t\t<\/div>\n\t\t<\/div>\n\t\t\t\t\t\t\t<\/div>\n\t\t<\/section>\n\t\t\t\t<section class=\"elementor-section elementor-top-section elementor-element elementor-element-f432200 elementor-section-boxed elementor-section-height-default elementor-section-height-default\" data-id=\"f432200\" data-element_type=\"section\">\n\t\t\t\t\t\t<div class=\"elementor-container elementor-column-gap-default\">\n\t\t\t\t\t<div class=\"elementor-column elementor-col-100 elementor-top-column elementor-element elementor-element-d7dd539\" data-id=\"d7dd539\" data-element_type=\"column\">\n\t\t\t<div class=\"elementor-widget-wrap elementor-element-populated\">\n\t\t\t\t\t\t\t\t<div class=\"elementor-element elementor-element-b54a032 content-align-left elementor-widget elementor-widget-MGA Button\" data-id=\"b54a032\" data-element_type=\"widget\" data-widget_type=\"MGA Button.default\">\n\t\t\t\t<div class=\"elementor-widget-container\">\n\t\t\t<a href=\"https:\/\/www.scopus.com\/authid\/detail.uri?authorId=7005602199\" target=\"_blank\" rel=\"nofollow\" class=\"button button--icon arrow_right button button--secondary \"><span>(h-index 18, 268\/1201 publications\/citations Scopus) <\/span><i class=\"icon-lg-arrow-right\"><\/i><\/a>\t\t<\/div>\n\t\t\t\t<\/div>\n\t\t\t\t\t<\/div>\n\t\t<\/div>\n\t\t\t\t\t\t\t<\/div>\n\t\t<\/section>\n\t\t\t\t<section class=\"elementor-section elementor-top-section elementor-element elementor-element-d6d36dc elementor-section-boxed elementor-section-height-default elementor-section-height-default\" data-id=\"d6d36dc\" data-element_type=\"section\">\n\t\t\t\t\t\t<div class=\"elementor-container elementor-column-gap-default\">\n\t\t\t\t\t\t\t\t<\/div>\n\t\t<\/section>\n\t\t\t\t\t\t\t<\/div>\n\t\t","protected":false},"excerpt":{"rendered":"<p>Prof. MUDr. Juraj Payer, PhD., MPH, FRCP Head of the 5th Internal Clinic of the Medical Faculty of Comenius University in Bratislava and the University Hospital in Bratislava, first Vice-Dean of Charles University for cooperation of the faculty with medical facilities, health care, specialization studies and representation of the dean of Charles University, and the [&hellip;]<\/p>\n","protected":false},"author":3,"featured_media":0,"parent":0,"menu_order":0,"comment_status":"closed","ping_status":"closed","template":"","meta":[],"acf":[],"_links":{"self":[{"href":"https:\/\/medixbank.com\/en\/wp-json\/wp\/v2\/pages\/3237"}],"collection":[{"href":"https:\/\/medixbank.com\/en\/wp-json\/wp\/v2\/pages"}],"about":[{"href":"https:\/\/medixbank.com\/en\/wp-json\/wp\/v2\/types\/page"}],"author":[{"embeddable":true,"href":"https:\/\/medixbank.com\/en\/wp-json\/wp\/v2\/users\/3"}],"replies":[{"embeddable":true,"href":"https:\/\/medixbank.com\/en\/wp-json\/wp\/v2\/comments?post=3237"}],"version-history":[{"count":0,"href":"https:\/\/medixbank.com\/en\/wp-json\/wp\/v2\/pages\/3237\/revisions"}],"wp:attachment":[{"href":"https:\/\/medixbank.com\/en\/wp-json\/wp\/v2\/media?parent=3237"}],"curies":[{"name":"wp","href":"https:\/\/api.w.org\/{rel}","templated":true}]}}