{"id":3262,"date":"2021-05-19T09:15:30","date_gmt":"2021-05-19T07:15:30","guid":{"rendered":"https:\/\/mga.local\/gabriel-minarik\/"},"modified":"2021-09-02T12:41:44","modified_gmt":"2021-09-02T10:41:44","slug":"gabriel-minarik","status":"publish","type":"page","link":"https:\/\/medixbank.com\/en\/gabriel-minarik\/","title":{"rendered":"Gabriel Min\u00e1rik"},"content":{"rendered":"\t\t<div data-elementor-type=\"wp-page\" data-elementor-id=\"3262\" class=\"elementor elementor-3262 elementor-2270\">\n\t\t\t\t\t\t\t\t\t<section class=\"elementor-section elementor-top-section elementor-element elementor-element-8d3a619 elementor-section-boxed elementor-section-height-default elementor-section-height-default\" data-id=\"8d3a619\" data-element_type=\"section\">\n\t\t\t\t\t\t<div class=\"elementor-container elementor-column-gap-default\">\n\t\t\t\t\t<div class=\"elementor-column elementor-col-100 elementor-top-column elementor-element elementor-element-282f821\" data-id=\"282f821\" data-element_type=\"column\">\n\t\t\t<div class=\"elementor-widget-wrap\">\n\t\t\t\t\t\t\t\t\t<\/div>\n\t\t<\/div>\n\t\t\t\t\t\t\t<\/div>\n\t\t<\/section>\n\t\t\t\t<section class=\"elementor-section elementor-top-section elementor-element elementor-element-fd6c1cb elementor-section-boxed elementor-section-height-default elementor-section-height-default\" data-id=\"fd6c1cb\" data-element_type=\"section\">\n\t\t\t\t\t\t<div class=\"elementor-container elementor-column-gap-default\">\n\t\t\t\t\t<div class=\"elementor-column elementor-col-33 elementor-top-column elementor-element elementor-element-d980441\" data-id=\"d980441\" data-element_type=\"column\">\n\t\t\t<div class=\"elementor-widget-wrap elementor-element-populated\">\n\t\t\t\t\t\t\t\t<div class=\"elementor-element elementor-element-d4d6dfe elementor-widget elementor-widget-image\" data-id=\"d4d6dfe\" data-element_type=\"widget\" data-widget_type=\"image.default\">\n\t\t\t\t<div class=\"elementor-widget-container\">\n\t\t\t\t\t\t\t\t\t\t\t\t\t\t\t<img width=\"150\" height=\"150\" src=\"https:\/\/medixbank.com\/wp-content\/uploads\/2021\/03\/scientist_2-150x150.jpg\" class=\"attachment-thumbnail size-thumbnail\" alt=\"\" \/>\t\t\t\t\t\t\t\t\t\t\t\t\t\t\t<\/div>\n\t\t\t\t<\/div>\n\t\t\t\t\t<\/div>\n\t\t<\/div>\n\t\t\t\t<div class=\"elementor-column elementor-col-66 elementor-top-column elementor-element elementor-element-fc1525b\" data-id=\"fc1525b\" data-element_type=\"column\">\n\t\t\t<div class=\"elementor-widget-wrap elementor-element-populated\">\n\t\t\t\t\t\t\t\t<div class=\"elementor-element elementor-element-d010b7f elementor-widget elementor-widget-heading\" data-id=\"d010b7f\" data-element_type=\"widget\" data-widget_type=\"heading.default\">\n\t\t\t\t<div class=\"elementor-widget-container\">\n\t\t\t<h4 class=\"elementor-heading-title elementor-size-default\"><br><br>RNDr. Gabriel Min\u00e1rik, PhD. <\/h4>\t\t<\/div>\n\t\t\t\t<\/div>\n\t\t\t\t\t<\/div>\n\t\t<\/div>\n\t\t\t\t\t\t\t<\/div>\n\t\t<\/section>\n\t\t\t\t<section class=\"elementor-section elementor-top-section elementor-element elementor-element-35b1bfc elementor-section-boxed elementor-section-height-default elementor-section-height-default\" data-id=\"35b1bfc\" data-element_type=\"section\">\n\t\t\t\t\t\t<div class=\"elementor-container elementor-column-gap-default\">\n\t\t\t\t\t<div class=\"elementor-column elementor-col-50 elementor-top-column elementor-element elementor-element-8443b5a\" data-id=\"8443b5a\" data-element_type=\"column\">\n\t\t\t<div class=\"elementor-widget-wrap elementor-element-populated\">\n\t\t\t\t\t\t\t\t<div class=\"elementor-element elementor-element-c354173 elementor-widget elementor-widget-text-editor\" data-id=\"c354173\" data-element_type=\"widget\" data-widget_type=\"text-editor.default\">\n\t\t\t\t<div class=\"elementor-widget-container\">\n\t\t\t\t\t\t\t<p>In his specialization, he has long been dedicated to the application of the latest scientific knowledge in the field of molecular genetics and human genomics. <strong>He was the first in Slovakia to lead a workplace enabling DNA sequencing services used by many other scientific centres and workplaces.<\/strong> Since 2006, in cooperation with leading Slovak clinical experts, he has been researching cancer which has resulted in the launch of personalization of targeted therapy based on the genotyping of cancer tissues of oncological diseases in Slovakia.<\/p><p>\u00a0<\/p><p><strong>Also since 2006, he has been researching circulating nucleic acids.<\/strong> Within the scope of this research, methods of non-invasive prenatal detection of fetal sex have been introduced at his workplace, which were later established in routine non-invasive prenatal diagnostics.<\/p><p>\u00a0<\/p><p>After the advance of massive parallel sequencing methods, he began to specialize in their application in laboratory research and routine clinical practice. The research of the working group in which he was involved also resulted in a test for non-invasive prenatal screening of frequent fetal aneuploidies from circulating DNA obtained from a blood sample of pregnant women &#8211; also known as<strong> Trisomy test<\/strong>.<\/p><p>\u00a0<\/p><p>He currently works as the head of the of the TRISOMYtest, s.r.o. laboratories and as a scientist and researcher of <strong>MEDIREX<\/strong> GROUP ACADEMY, but is currently also actively involved in investigating <br \/>several applied research projects.<\/p>\t\t\t\t\t\t<\/div>\n\t\t\t\t<\/div>\n\t\t\t\t\t<\/div>\n\t\t<\/div>\n\t\t\t\t<div class=\"elementor-column elementor-col-50 elementor-top-column elementor-element elementor-element-dbc4ccd\" data-id=\"dbc4ccd\" data-element_type=\"column\">\n\t\t\t<div class=\"elementor-widget-wrap elementor-element-populated\">\n\t\t\t\t\t\t\t\t<div class=\"elementor-element elementor-element-e7892ff elementor-widget elementor-widget-text-editor\" data-id=\"e7892ff\" data-element_type=\"widget\" data-widget_type=\"text-editor.default\">\n\t\t\t\t<div class=\"elementor-widget-container\">\n\t\t\t\t\t\t\t<p>He cooperates with <strong>MEDIREX<\/strong> GROUP ACADEMY on the following projects:<\/p><p>\u00a0<\/p><p><strong>Project title:<br \/><\/strong>Research into progressive diagnostic methods for COVID-19 and biomarkers enabling early detection of individuals at increased risk of severe course of the disease<\/p><p><strong>Acronym:<br \/><\/strong><a href=\"https:\/\/medixbank.com\/projekt\/promedicov-19\/\">PROMEDICOV-19<\/a><\/p><p><strong>Project code:<br \/><\/strong>313010ATA2<\/p><p>\u00a0<\/p><p><strong>Project title:<br \/><\/strong>Center for Biomedical Research \u2013 BIOMEDIRES \u2013 II. stage<\/p><p><strong>Acronym:<br \/><\/strong><a href=\"https:\/\/medixbank.com\/projekt\/biomedires-ii\/\">Biomedires II.<\/a><\/p><p><strong>Project code:<br \/><\/strong>313011W428<\/p><p>\u00a0<\/p><p><strong>Project title:<br \/><\/strong>Vytvorenie syst\u00e9mu skorej a r\u00fdchlej detekcie, identifik\u00e1cie a diagnostiky nov\u00fdch infek\u010dn\u00fdch ochoren\u00ed s pandemick\u00fdm potenci\u00e1lom \u2013 pilotn\u00e1 \u0161t\u00fadia COVID-19<\/p><p><strong>Acronym:<br \/><\/strong><a href=\"https:\/\/medixbank.com\/projekt\/panco\/\">PANCO<\/a><\/p><p><strong>Project code:<br \/><\/strong>PP-COVID-20-0056<\/p><p><strong>\u00a0<\/strong><\/p><p><strong>Project title:<br \/><\/strong>Z\u00e1va\u017en\u00e9 civiliza\u010dn\u00e9 ochorenia a COVID-19<\/p><p><strong>Acronym:<br \/><\/strong><a href=\"https:\/\/medixbank.com\/projekt\/diacovid\/\">Diacovid<\/a><\/p><p><strong>Project code:<br \/><\/strong>313011AVH7<\/p>\t\t\t\t\t\t<\/div>\n\t\t\t\t<\/div>\n\t\t\t\t\t<\/div>\n\t\t<\/div>\n\t\t\t\t\t\t\t<\/div>\n\t\t<\/section>\n\t\t\t\t<section class=\"elementor-section elementor-top-section elementor-element elementor-element-ecfb0c1 elementor-section-boxed elementor-section-height-default elementor-section-height-default\" data-id=\"ecfb0c1\" data-element_type=\"section\">\n\t\t\t\t\t\t<div class=\"elementor-container elementor-column-gap-default\">\n\t\t\t\t\t<div class=\"elementor-column elementor-col-100 elementor-top-column elementor-element elementor-element-f423f07\" data-id=\"f423f07\" data-element_type=\"column\">\n\t\t\t<div class=\"elementor-widget-wrap elementor-element-populated\">\n\t\t\t\t\t\t\t\t<div class=\"elementor-element elementor-element-7dfe94c content-align-left elementor-widget elementor-widget-MGA Button\" data-id=\"7dfe94c\" data-element_type=\"widget\" data-widget_type=\"MGA Button.default\">\n\t\t\t\t<div class=\"elementor-widget-container\">\n\t\t\t<a href=\"https:\/\/www.scopus.com\/authid\/detail.uri?authorId=6507046965\" target=\"_blank\" rel=\"nofollow\" class=\"button button--icon arrow_right button button--secondary \"><span>(h-index 17, 100\/918 publik\u00e1ci\u00ed\/cit\u00e1ci\u00ed Scopus)<\/span><i class=\"icon-lg-arrow-right\"><\/i><\/a>\t\t<\/div>\n\t\t\t\t<\/div>\n\t\t\t\t\t<\/div>\n\t\t<\/div>\n\t\t\t\t\t\t\t<\/div>\n\t\t<\/section>\n\t\t\t\t\t\t\t<\/div>\n\t\t","protected":false},"excerpt":{"rendered":"<p>RNDr. Gabriel Min\u00e1rik, PhD. In his specialization, he has long been dedicated to the application of the latest scientific knowledge in the field of molecular genetics and human genomics. He was the first in Slovakia to lead a workplace enabling DNA sequencing services used by many other scientific centres and workplaces. Since 2006, in cooperation [&hellip;]<\/p>\n","protected":false},"author":3,"featured_media":0,"parent":0,"menu_order":0,"comment_status":"closed","ping_status":"closed","template":"","meta":[],"acf":[],"_links":{"self":[{"href":"https:\/\/medixbank.com\/en\/wp-json\/wp\/v2\/pages\/3262"}],"collection":[{"href":"https:\/\/medixbank.com\/en\/wp-json\/wp\/v2\/pages"}],"about":[{"href":"https:\/\/medixbank.com\/en\/wp-json\/wp\/v2\/types\/page"}],"author":[{"embeddable":true,"href":"https:\/\/medixbank.com\/en\/wp-json\/wp\/v2\/users\/3"}],"replies":[{"embeddable":true,"href":"https:\/\/medixbank.com\/en\/wp-json\/wp\/v2\/comments?post=3262"}],"version-history":[{"count":0,"href":"https:\/\/medixbank.com\/en\/wp-json\/wp\/v2\/pages\/3262\/revisions"}],"wp:attachment":[{"href":"https:\/\/medixbank.com\/en\/wp-json\/wp\/v2\/media?parent=3262"}],"curies":[{"name":"wp","href":"https:\/\/api.w.org\/{rel}","templated":true}]}}