{"id":3397,"date":"2021-04-03T17:40:50","date_gmt":"2021-04-03T15:40:50","guid":{"rendered":"https:\/\/mga.local\/projekty-vyskumnej-agentury-va\/"},"modified":"2021-09-10T14:59:47","modified_gmt":"2021-09-10T12:59:47","slug":"research-agency-projects","status":"publish","type":"page","link":"https:\/\/medixbank.com\/en\/research-agency-projects\/","title":{"rendered":"Research Agency Projects"},"content":{"rendered":"\t\t<div data-elementor-type=\"wp-page\" data-elementor-id=\"3397\" class=\"elementor elementor-3397 elementor-826\">\n\t\t\t\t\t\t\t\t\t<section class=\"elementor-section elementor-top-section elementor-element elementor-element-b115d5a elementor-section-boxed elementor-section-height-default elementor-section-height-default\" data-id=\"b115d5a\" data-element_type=\"section\">\n\t\t\t\t\t\t<div class=\"elementor-container elementor-column-gap-default\">\n\t\t\t\t\t<div class=\"elementor-column elementor-col-100 elementor-top-column elementor-element elementor-element-da13915\" data-id=\"da13915\" data-element_type=\"column\">\n\t\t\t<div class=\"elementor-widget-wrap elementor-element-populated\">\n\t\t\t\t\t\t\t\t<div class=\"elementor-element elementor-element-f40e445 elementor-widget elementor-widget-mga_projects_list\" data-id=\"f40e445\" data-element_type=\"widget\" data-widget_type=\"mga_projects_list.default\">\n\t\t\t\t<div class=\"elementor-widget-container\">\n\t\t\t<div id=\"projects-wrapper\" class=\"projects__wrapper\"><div class=\"projects__header\"><div class=\"projects__description\">Projects financed from the Operational Program Integrated Infrastructure (OPII), implementation of demand-based projects in the field of research under the Ministry of Education, Science, Research and Sports of the Slovak Republic as the Intermediate Body and the Ministry of Transport and Construction of the Slovak Republic as the Managing Authority. <\/div><div id=\"projects-filter\" class=\"projects__filter mga__filter\"><ul class=\"controls\"><li><button type=\"button\" class=\"filter__button\" data-filter=\"all\">All<\/button><\/li><li><button type=\"button\" class=\"filter__button\" data-filter=\".inprogress\">Implemented<\/button><\/li><li><button type=\"button\" class=\"filter__button\" data-filter=\".maintenance\">In progress<\/button><\/li><li><button type=\"button\" class=\"filter__button\" data-filter=\".finished\">Completed<\/button><\/li><\/ul><\/div><\/div><ul id=\"projects-grid\" class=\"projects__grid\"><li class=\"project__item  finished\"><a href=\"https:\/\/medixbank.com\/en\/projekt\/biomedires-i\/\"><div class=\"project__block elementor-repeater-item-3315\"><header class=\"project__header\"><div class=\"project__type\">Research Agency (VA) projects<\/div><div class=\"project__status project__status--finished\">Completed<\/div><\/header><div class=\"project__heading\">Biomedires I.<\/div><div class=\"project__desc\">Gaining new knowledge about the origin and course of diseases is an important step for their earlier detection...<\/div><span class=\"link link--brand link--icon\">Show more<i class=\"icon-lg-arrow-right\"><\/i><\/span><\/div><\/a><\/li><li class=\"project__item  finished\"><a href=\"https:\/\/medixbank.com\/en\/projekt\/cancer\/\"><div class=\"project__block elementor-repeater-item-3323\"><header class=\"project__header\"><div class=\"project__type\">Research Agency (VA) projects<\/div><div class=\"project__status project__status--finished\">Completed<\/div><\/header><div class=\"project__heading\">Cancer<\/div><div class=\"project__desc\">Within the scope of the project, MGA focuses on research into the two most common types of cancer in women - c...<\/div><span class=\"link link--brand link--icon\">Show more<i class=\"icon-lg-arrow-right\"><\/i><\/span><\/div><\/a><\/li><li class=\"project__item  inprogress\"><a href=\"https:\/\/medixbank.com\/en\/projekt\/promedicov-19\/\"><div class=\"project__block elementor-repeater-item-3314\"><header class=\"project__header\"><div class=\"project__type\">Research Agency (VA) projects<\/div><div class=\"project__status project__status--inprogress\">Implemented<\/div><\/header><div class=\"project__heading\">PROMEDICOV-19<\/div><div class=\"project__desc\">For detailed monitoring of viral evolution and mass infection of the population with new variants, it is there...<\/div><span class=\"link link--brand link--icon\">Show more<i class=\"icon-lg-arrow-right\"><\/i><\/span><\/div><\/a><\/li><li class=\"project__item  inprogress\"><a href=\"https:\/\/medixbank.com\/en\/projekt\/uavlife\/\"><div class=\"project__block elementor-repeater-item-3313\"><header class=\"project__header\"><div class=\"project__type\">Research Agency (VA) projects<\/div><div class=\"project__status project__status--inprogress\">Implemented<\/div><\/header><div class=\"project__heading\">UAVLIFE<\/div><div class=\"project__desc\">Research in the field of air transport of biological materials in the future will help to minimize the time of...<\/div><span class=\"link link--brand link--icon\">Show more<i class=\"icon-lg-arrow-right\"><\/i><\/span><\/div><\/a><\/li><li class=\"project__item  inprogress\"><a href=\"https:\/\/medixbank.com\/en\/projekt\/diacovid\/\"><div class=\"project__block elementor-repeater-item-3312\"><header class=\"project__header\"><div class=\"project__type\">Research Agency (VA) projects<\/div><div class=\"project__status project__status--inprogress\">Implemented<\/div><\/header><div class=\"project__heading\">Diacovid<\/div><div class=\"project__desc\">The ongoing COVID-19 pandemic is perceived as an independent clinical entity in the society as a whole, but al...<\/div><span class=\"link link--brand link--icon\">Show more<i class=\"icon-lg-arrow-right\"><\/i><\/span><\/div><\/a><\/li><li class=\"project__item  finished\"><a href=\"https:\/\/medixbank.com\/en\/projekt\/diaret\/\"><div class=\"project__block elementor-repeater-item-3311\"><header class=\"project__header\"><div class=\"project__type\">Research Agency (VA) projects<\/div><div class=\"project__status project__status--finished\">Completed<\/div><\/header><div class=\"project__heading\">Diaret <\/div><div class=\"project__desc\">The main goal of the project is to increase the quality of research through an interdisciplinary approach and ...<\/div><span class=\"link link--brand link--icon\">Show more<i class=\"icon-lg-arrow-right\"><\/i><\/span><\/div><\/a><\/li><li class=\"project__item project__item--hidden inprogress\"><a href=\"https:\/\/medixbank.com\/en\/projekt\/biomedires-ii\/\"><div class=\"project__block elementor-repeater-item-3310\"><header class=\"project__header\"><div class=\"project__type\">Research Agency (VA) projects<\/div><div class=\"project__status project__status--inprogress\">Implemented<\/div><\/header><div class=\"project__heading\">Biomedires II.<\/div><div class=\"project__desc\">Biomedical research ensures the implementation of the findings of modern science and is key to reducing morbid...<\/div><span class=\"link link--brand link--icon\">Show more<i class=\"icon-lg-arrow-right\"><\/i><\/span><\/div><\/a><\/li><li class=\"project__item project__item--hidden inprogress\"><a href=\"https:\/\/medixbank.com\/en\/projekt\/prevelynch\/\"><div class=\"project__block elementor-repeater-item-3309\"><header class=\"project__header\"><div class=\"project__type\">Research Agency (VA) projects<i class=\"icon icon-info mga-tooltip\"><span class=\"mga-tooltip-content\">Long-term strategic research and development focused on the prevalence of Lynch syndrome in the population of the Slovak Republic and the possibilities of prevention of tumors associated with this syndrome.<\/span><\/i><\/div><div class=\"project__status project__status--inprogress\">Implemented<\/div><\/header><div class=\"project__heading\">PreveLynch<\/div><div class=\"project__desc\">Long-term strategic research and development focused on the prevalence of Lynch syndrome in the population of ...<\/div><span class=\"link link--brand link--icon\">Show more<i class=\"icon-lg-arrow-right\"><\/i><\/span><\/div><\/a><\/li><li class=\"project__item project__item--hidden inprogress\"><a href=\"https:\/\/medixbank.com\/en\/projekt\/digimed\/\"><div class=\"project__block elementor-repeater-item-13198\"><header class=\"project__header\"><div class=\"project__type\">Research Agency (VA) projects<\/div><div class=\"project__status project__status--inprogress\">Implemented<\/div><\/header><div class=\"project__heading\">DIGIMED<\/div><div class=\"project__desc\">About the project The main objective of the described project is to enhance digital transformation in all sect...<\/div><span class=\"link link--brand link--icon\">Show more<i class=\"icon-lg-arrow-right\"><\/i><\/span><\/div><\/a><\/li><\/ul><div id=\"projects-empty-filter\" class=\"projects__empty\"><p>There are currently no projects in progress<span><\/span>.<\/p><\/div><div id=\"projects-load\" class=\"projects__load\"><button type=\"button\" class=\"button button--outline button--draw button--load\">Load more<span class=\"loading-circle\"><\/span<\/button><\/div><\/div>\t\t<\/div>\n\t\t\t\t<\/div>\n\t\t\t\t\t<\/div>\n\t\t<\/div>\n\t\t\t\t\t\t\t<\/div>\n\t\t<\/section>\n\t\t\t\t<section class=\"elementor-section elementor-top-section elementor-element elementor-element-aea6a08 elementor-section-boxed elementor-section-height-default elementor-section-height-default\" data-id=\"aea6a08\" data-element_type=\"section\">\n\t\t\t\t\t\t<div class=\"elementor-container elementor-column-gap-default\">\n\t\t\t\t\t<div class=\"elementor-column elementor-col-100 elementor-top-column elementor-element elementor-element-cceca78\" data-id=\"cceca78\" data-element_type=\"column\">\n\t\t\t<div class=\"elementor-widget-wrap\">\n\t\t\t\t\t\t\t\t\t<\/div>\n\t\t<\/div>\n\t\t\t\t\t\t\t<\/div>\n\t\t<\/section>\n\t\t\t\t\t\t\t<\/div>\n\t\t","protected":false},"excerpt":{"rendered":"<p>Projects financed from the Operational Program Integrated Infrastructure (OPII), implementation of demand-based projects in the field of research under the Ministry of Education, Science, Research and Sports of the Slovak Republic as the Intermediate Body and the Ministry of Transport and Construction of the Slovak Republic as the Managing Authority. V\u0161etky V implement\u00e1ci\u00ed V udr\u017eate\u013enosti [&hellip;]<\/p>\n","protected":false},"author":1,"featured_media":0,"parent":0,"menu_order":0,"comment_status":"closed","ping_status":"closed","template":"","meta":[],"acf":[],"_links":{"self":[{"href":"https:\/\/medixbank.com\/en\/wp-json\/wp\/v2\/pages\/3397"}],"collection":[{"href":"https:\/\/medixbank.com\/en\/wp-json\/wp\/v2\/pages"}],"about":[{"href":"https:\/\/medixbank.com\/en\/wp-json\/wp\/v2\/types\/page"}],"author":[{"embeddable":true,"href":"https:\/\/medixbank.com\/en\/wp-json\/wp\/v2\/users\/1"}],"replies":[{"embeddable":true,"href":"https:\/\/medixbank.com\/en\/wp-json\/wp\/v2\/comments?post=3397"}],"version-history":[{"count":0,"href":"https:\/\/medixbank.com\/en\/wp-json\/wp\/v2\/pages\/3397\/revisions"}],"wp:attachment":[{"href":"https:\/\/medixbank.com\/en\/wp-json\/wp\/v2\/media?parent=3397"}],"curies":[{"name":"wp","href":"https:\/\/api.w.org\/{rel}","templated":true}]}}